{"id":489,"date":"2026-04-13T18:51:53","date_gmt":"2026-04-13T18:51:53","guid":{"rendered":"https:\/\/brikar.net\/boutique\/?page_id=489"},"modified":"2026-04-13T19:41:48","modified_gmt":"2026-04-13T19:41:48","slug":"paiement-et-livraison","status":"publish","type":"page","link":"https:\/\/brikar.net\/boutique\/paiement-et-livraison\/","title":{"rendered":"Paiement et livraison"},"content":{"rendered":"<div class=\"et_pb_section_0 et_pb_section et_section_regular et_flex_section\">\n<div class=\"et_pb_row_0 et_pb_row et_flex_row\">\n<div class=\"et_pb_column_0 et_pb_column et-last-child et_flex_column et_pb_css_mix_blend_mode_passthrough et_flex_column_24_24 et_flex_column_24_24_tablet et_flex_column_24_24_phone\">\n<div class=\"et_pb_group_0 et_pb_group et-last-child et_pb_module et_flex_group et_pb_css_mix_blend_mode_passthrough\">\n<div class=\"et_pb_heading_0 et_pb_heading et_pb_module et_flex_module\"><div class=\"et_pb_heading_container\"><h3 class=\"et_pb_module_header\">Moyens de Paiements<\/h3><\/div><\/div>\n\n<div class=\"et_pb_text_0 et_pb_text et_pb_bg_layout_light et_pb_module et_flex_module preset--module--divi-text--default\"><div class=\"et_pb_text_inner\"><p><span>Pour faciliter vos achats, nous proposons une vari\u00e9t\u00e9 de moyens de paiements adapt\u00e9s \u00e0 vos besoins :<\/span><\/p>\n<ol start=\"1\">\n<li><span><strong>Cartes de cr\u00e9dits <\/strong>: Nous acceptons les principales cartes bancaires telles que Visa, MasterCard et American Express. Le paiement par carte bancaire est s\u00e9curis\u00e9 par Square et permet une transaction rapide.\u00a0<\/span><\/li>\n<li><span><strong>Virements Bancaires<\/strong> : Vous pouvez opter pour un virement bancaire direct. Veuillez utiliser les informations bancaires fournies lors de votre commande pour effectuer le transfert.<\/span><\/li>\n<li><span><strong>Paiements Mobiles<\/strong> : Utilisez des solutions de paiements mobiles telles qu'Apple Pay ou Google Wallet pour une transaction rapide et s\u00e9curis\u00e9e depuis votre cellulaire.<\/span><\/li>\n<li><span><strong>Paiements en Esp\u00e8ces<\/strong> : Pour les commandes en personne, nous acceptons les paiements en esp\u00e8ces. .<\/span><\/li>\n<li><span><strong>Cartes Cadeaux<\/strong> : Vous pouvez \u00e9galement utiliser des cartes cadeaux pour r\u00e9gler vos achats. Les cartes cadeaux sont disponibles \u00e0 l'achat en ligne et en magasin.<\/span><\/li>\n<\/ol>\n<p><span>Si vous avez des questions sur nos moyens de paiements, n'h\u00e9sitez pas \u00e0 nous contacter pour plus d'informations. Nous sommes l\u00e0 pour vous aider !<\/span><\/p>\n<\/div><\/div>\n<\/div>\n<\/div>\n<\/div>\n\n<div class=\"et_pb_row_1 et_pb_row et_flex_row\">\n<div class=\"et_pb_column_1 et_pb_column et_flex_column et_pb_css_mix_blend_mode_passthrough et_flex_column_3_24 et_flex_column_6_24_tablet et_flex_column_12_24_phone\">\n<div class=\"et_pb_image_0 et_pb_image et_pb_module et_flex_module\"><span class=\"et_pb_image_wrap\"><img loading=\"lazy\" decoding=\"async\" src=\"https:\/\/brikar.net\/boutique\/wp-content\/uploads\/2026\/04\/Mastercard-logo-e1776103619268.webp\" title=\"Mastercard logo\" width=\"200\" height=\"200\" srcset=\"https:\/\/brikar.net\/boutique\/wp-content\/uploads\/2026\/04\/Mastercard-logo-e1776103619268.webp 200w\" class=\"wp-image-435\" \/><\/span><\/div>\n<\/div>\n\n<div class=\"et_pb_column_2 et_pb_column et_flex_column et_pb_css_mix_blend_mode_passthrough et_flex_column_3_24 et_flex_column_6_24_tablet et_flex_column_12_24_phone\">\n<div class=\"et_pb_image_1 et_pb_image et_pb_module et_flex_module\"><span class=\"et_pb_image_wrap\"><img loading=\"lazy\" decoding=\"async\" src=\"https:\/\/brikar.net\/boutique\/wp-content\/uploads\/2026\/04\/Visa-logo-e1776103687443.webp\" title=\"Visa logo\" width=\"200\" height=\"200\" srcset=\"https:\/\/brikar.net\/boutique\/wp-content\/uploads\/2026\/04\/Visa-logo-e1776103687443.webp 200w\" class=\"wp-image-436\" \/><\/span><\/div>\n<\/div>\n\n<div class=\"et_pb_column_3 et_pb_column et_flex_column et_pb_css_mix_blend_mode_passthrough et_flex_column_3_24 et_flex_column_6_24_tablet et_flex_column_12_24_phone\">\n<div class=\"et_pb_image_2 et_pb_image et_pb_module et_flex_module\"><span class=\"et_pb_image_wrap\"><img loading=\"lazy\" decoding=\"async\" src=\"https:\/\/brikar.net\/boutique\/wp-content\/uploads\/2026\/04\/American-Express-e1776103767469.webp\" title=\"American Express\" width=\"200\" height=\"200\" srcset=\"https:\/\/brikar.net\/boutique\/wp-content\/uploads\/2026\/04\/American-Express-e1776103767469.webp 200w\" class=\"wp-image-437\" \/><\/span><\/div>\n<\/div>\n\n<div class=\"et_pb_column_4 et_pb_column et_flex_column et_pb_css_mix_blend_mode_passthrough et_flex_column_3_24 et_flex_column_6_24_tablet et_flex_column_12_24_phone\">\n<div class=\"et_pb_image_3 et_pb_image et_pb_module et_flex_module\"><span class=\"et_pb_image_wrap\"><img loading=\"lazy\" decoding=\"async\" src=\"https:\/\/brikar.net\/boutique\/wp-content\/uploads\/2026\/04\/logo-virement-interac-134x175-1.png\" title=\"logo-virement-interac-134x175\" width=\"134\" height=\"175\" srcset=\"https:\/\/brikar.net\/boutique\/wp-content\/uploads\/2026\/04\/logo-virement-interac-134x175-1.png 134w, https:\/\/brikar.net\/boutique\/wp-content\/uploads\/2026\/04\/logo-virement-interac-134x175-1-64x84.png 64w\" sizes=\"(max-width: 134px) 100vw, 134px\" class=\"wp-image-444\" \/><\/span><\/div>\n<\/div>\n\n<div class=\"et_pb_column_5 et_pb_column et_flex_column et_pb_css_mix_blend_mode_passthrough et_flex_column_3_24 et_flex_column_6_24_tablet et_flex_column_12_24_phone\">\n<div class=\"et_pb_image_4 et_pb_image et_pb_module et_flex_module\"><span class=\"et_pb_image_wrap\"><img loading=\"lazy\" decoding=\"async\" src=\"https:\/\/brikar.net\/boutique\/wp-content\/uploads\/2026\/04\/FedEx-e1776104261225.webp\" title=\"FedEx\" width=\"200\" height=\"200\" srcset=\"https:\/\/brikar.net\/boutique\/wp-content\/uploads\/2026\/04\/FedEx-e1776104261225.webp 200w\" class=\"wp-image-440\" \/><\/span><\/div>\n<\/div>\n\n<div class=\"et_pb_column_6 et_pb_column et_flex_column et_pb_css_mix_blend_mode_passthrough et_flex_column_3_24 et_flex_column_6_24_tablet et_flex_column_12_24_phone\">\n<div class=\"et_pb_image_5 et_pb_image et_pb_module et_flex_module\"><span class=\"et_pb_image_wrap\"><img loading=\"lazy\" decoding=\"async\" src=\"https:\/\/brikar.net\/boutique\/wp-content\/uploads\/2026\/04\/NATIONEX2-e1776104121370.webp\" title=\"NATIONEX2\" width=\"200\" height=\"200\" srcset=\"https:\/\/brikar.net\/boutique\/wp-content\/uploads\/2026\/04\/NATIONEX2-e1776104121370.webp 200w\" class=\"wp-image-441\" \/><\/span><\/div>\n<\/div>\n\n<div class=\"et_pb_column_7 et_pb_column et_flex_column et_pb_css_mix_blend_mode_passthrough et_flex_column_3_24 et_flex_column_6_24_tablet et_flex_column_12_24_phone\">\n<div class=\"et_pb_image_6 et_pb_image et_pb_module et_flex_module\"><span class=\"et_pb_image_wrap\"><img loading=\"lazy\" decoding=\"async\" src=\"https:\/\/brikar.net\/boutique\/wp-content\/uploads\/2026\/04\/Purolator-e1776103867988.webp\" title=\"Purolator\" width=\"200\" height=\"200\" srcset=\"https:\/\/brikar.net\/boutique\/wp-content\/uploads\/2026\/04\/Purolator-e1776103867988.webp 200w\" class=\"wp-image-442\" \/><\/span><\/div>\n<\/div>\n\n<div class=\"et_pb_column_8 et_pb_column et-last-child et_flex_column et_pb_css_mix_blend_mode_passthrough et_flex_column_3_24 et_flex_column_6_24_tablet et_flex_column_12_24_phone\">\n<div class=\"et_pb_image_7 et_pb_image et_pb_module et_flex_module\"><span class=\"et_pb_image_wrap\"><img loading=\"lazy\" decoding=\"async\" src=\"https:\/\/brikar.net\/boutique\/wp-content\/uploads\/2026\/04\/gls-1.webp\" title=\"gls-1\" width=\"200\" height=\"100\" srcset=\"https:\/\/brikar.net\/boutique\/wp-content\/uploads\/2026\/04\/gls-1.webp 200w, https:\/\/brikar.net\/boutique\/wp-content\/uploads\/2026\/04\/gls-1-64x32.webp 64w\" sizes=\"(max-width: 200px) 100vw, 200px\" class=\"wp-image-443\" \/><\/span><\/div>\n<\/div>\n<\/div>\n\n<div class=\"et_pb_row_2 et_pb_row et_flex_row\">\n<div class=\"et_pb_column_9 et_pb_column et-last-child et_flex_column et_pb_css_mix_blend_mode_passthrough et_flex_column_24_24 et_flex_column_24_24_tablet et_flex_column_24_24_phone\">\n<div class=\"et_pb_heading_1 et_pb_heading et_pb_module et_flex_module\"><div class=\"et_pb_heading_container\"><h3 class=\"et_pb_module_header\">Services de Livraison<\/h3><\/div><\/div>\n\n<div class=\"et_pb_text_1 et_pb_text et_pb_bg_layout_light et_pb_module et_flex_module preset--module--divi-text--default\"><div class=\"et_pb_text_inner\"><p><span>Chez Brikar.net, nous comprenons l'importance de recevoir vos achats rapidement et en toute s\u00e9curit\u00e9. C'est pourquoi nous offrons une vari\u00e9t\u00e9 de services de livraison adapt\u00e9s \u00e0 vos besoins.<\/span><\/p>\n<p><span><\/span><\/p>\n<ul>\n<li><span><strong>Livraison Standard :<\/strong> Notre option de livraison standard garantit que vos produits arrivent \u00e0 votre porte en 3 \u00e0 5 jours ouvrables. Profitez de la commodit\u00e9 d'une livraison fiable sans frais suppl\u00e9mentaires.<\/span><\/li>\n<li>Nous avons un vaste choix de compagnies ( IC courrier, Nationex, Dicom, Postes Canda, Ups, Fedex ect...)<\/li>\n<li><span><strong>Point de Retrait :<\/strong> Pr\u00e9f\u00e9rez-vous r\u00e9cup\u00e9rer votre commande directement chez nous\u00a0 ? Appelez-nous pour un rendez-vous pour ramasser votre commande.\u00a0<\/span><\/li>\n<li>\n<ul><\/ul>\n<p>Nous nous engageons \u00e0 offrir un service client exceptionnel et \u00e0 assurer que chaque commande est trait\u00e9e avec soin. Pour toute question ou demande sp\u00e9ciale concernant nos services de livraison, n'h\u00e9sitez pas \u00e0 contacter notre \u00e9quipe \u00e0 <a href=\"mailto:commande@brikar.net\">commande@brikar.net<\/a> ou au 450 676-0298.<\/p>\n<p><span>Merci de choisir Brikar.net pour vos besoins d'achat. Nous sommes ravis de vous servir !<\/span><\/p>\n<\/li>\n<\/ul>\n<\/div><\/div>\n<\/div>\n<\/div>\n<\/div>","protected":false},"excerpt":{"rendered":"","protected":false},"author":1,"featured_media":0,"parent":0,"menu_order":0,"comment_status":"closed","ping_status":"closed","template":"","meta":{"footnotes":""},"class_list":["post-489","page","type-page","status-publish","hentry"],"yoast_head":"<!-- This site is optimized with the Yoast SEO plugin v27.4 - https:\/\/yoast.com\/product\/yoast-seo-wordpress\/ -->\n<title>Paiement et livraison - Brikar.net<\/title>\n<meta name=\"robots\" content=\"index, follow, max-snippet:-1, max-image-preview:large, max-video-preview:-1\" \/>\n<link rel=\"canonical\" href=\"https:\/\/brikar.net\/boutique\/paiement-et-livraison\/\" \/>\n<meta property=\"og:locale\" content=\"fr_FR\" \/>\n<meta property=\"og:type\" content=\"article\" \/>\n<meta property=\"og:title\" content=\"Paiement et livraison - Brikar.net\" \/>\n<meta property=\"og:url\" content=\"https:\/\/brikar.net\/boutique\/paiement-et-livraison\/\" \/>\n<meta property=\"og:site_name\" content=\"Brikar.net\" \/>\n<meta property=\"article:publisher\" content=\"https:\/\/www.facebook.com\/BrikarArtisans\" \/>\n<meta property=\"article:modified_time\" content=\"2026-04-13T19:41:48+00:00\" \/>\n<meta property=\"og:image\" content=\"https:\/\/brikar.net\/boutique\/wp-content\/uploads\/2026\/04\/logo-brikar200.png\" \/>\n\t<meta property=\"og:image:width\" content=\"200\" \/>\n\t<meta property=\"og:image:height\" content=\"168\" \/>\n\t<meta property=\"og:image:type\" content=\"image\/png\" \/>\n<meta name=\"twitter:card\" content=\"summary_large_image\" \/>\n<script type=\"application\/ld+json\" class=\"yoast-schema-graph\">{\"@context\":\"https:\\\/\\\/schema.org\",\"@graph\":[{\"@type\":\"WebPage\",\"@id\":\"https:\\\/\\\/brikar.net\\\/boutique\\\/paiement-et-livraison\\\/\",\"url\":\"https:\\\/\\\/brikar.net\\\/boutique\\\/paiement-et-livraison\\\/\",\"name\":\"Paiement et livraison - Brikar.net\",\"isPartOf\":{\"@id\":\"https:\\\/\\\/brikar.net\\\/boutique\\\/#website\"},\"datePublished\":\"2026-04-13T18:51:53+00:00\",\"dateModified\":\"2026-04-13T19:41:48+00:00\",\"breadcrumb\":{\"@id\":\"https:\\\/\\\/brikar.net\\\/boutique\\\/paiement-et-livraison\\\/#breadcrumb\"},\"inLanguage\":\"fr-FR\",\"potentialAction\":[{\"@type\":\"ReadAction\",\"target\":[\"https:\\\/\\\/brikar.net\\\/boutique\\\/paiement-et-livraison\\\/\"]}]},{\"@type\":\"BreadcrumbList\",\"@id\":\"https:\\\/\\\/brikar.net\\\/boutique\\\/paiement-et-livraison\\\/#breadcrumb\",\"itemListElement\":[{\"@type\":\"ListItem\",\"position\":1,\"name\":\"Accueil\",\"item\":\"https:\\\/\\\/brikar.net\\\/boutique\\\/\"},{\"@type\":\"ListItem\",\"position\":2,\"name\":\"Paiement et livraison\"}]},{\"@type\":\"WebSite\",\"@id\":\"https:\\\/\\\/brikar.net\\\/boutique\\\/#website\",\"url\":\"https:\\\/\\\/brikar.net\\\/boutique\\\/\",\"name\":\"Brikar.net\",\"description\":\"\",\"publisher\":{\"@id\":\"https:\\\/\\\/brikar.net\\\/boutique\\\/#organization\"},\"potentialAction\":[{\"@type\":\"SearchAction\",\"target\":{\"@type\":\"EntryPoint\",\"urlTemplate\":\"https:\\\/\\\/brikar.net\\\/boutique\\\/?s={search_term_string}\"},\"query-input\":{\"@type\":\"PropertyValueSpecification\",\"valueRequired\":true,\"valueName\":\"search_term_string\"}}],\"inLanguage\":\"fr-FR\"},{\"@type\":\"Organization\",\"@id\":\"https:\\\/\\\/brikar.net\\\/boutique\\\/#organization\",\"name\":\"Brikar.net\",\"url\":\"https:\\\/\\\/brikar.net\\\/boutique\\\/\",\"logo\":{\"@type\":\"ImageObject\",\"inLanguage\":\"fr-FR\",\"@id\":\"https:\\\/\\\/brikar.net\\\/boutique\\\/#\\\/schema\\\/logo\\\/image\\\/\",\"url\":\"https:\\\/\\\/brikar.net\\\/boutique\\\/wp-content\\\/uploads\\\/2026\\\/04\\\/logo-brikar200.png\",\"contentUrl\":\"https:\\\/\\\/brikar.net\\\/boutique\\\/wp-content\\\/uploads\\\/2026\\\/04\\\/logo-brikar200.png\",\"width\":200,\"height\":168,\"caption\":\"Brikar.net\"},\"image\":{\"@id\":\"https:\\\/\\\/brikar.net\\\/boutique\\\/#\\\/schema\\\/logo\\\/image\\\/\"},\"sameAs\":[\"https:\\\/\\\/www.facebook.com\\\/BrikarArtisans\"]}]}<\/script>\n<!-- \/ Yoast SEO plugin. -->","yoast_head_json":{"title":"Paiement et livraison - Brikar.net","robots":{"index":"index","follow":"follow","max-snippet":"max-snippet:-1","max-image-preview":"max-image-preview:large","max-video-preview":"max-video-preview:-1"},"canonical":"https:\/\/brikar.net\/boutique\/paiement-et-livraison\/","og_locale":"fr_FR","og_type":"article","og_title":"Paiement et livraison - Brikar.net","og_url":"https:\/\/brikar.net\/boutique\/paiement-et-livraison\/","og_site_name":"Brikar.net","article_publisher":"https:\/\/www.facebook.com\/BrikarArtisans","article_modified_time":"2026-04-13T19:41:48+00:00","og_image":[{"width":200,"height":168,"url":"https:\/\/brikar.net\/boutique\/wp-content\/uploads\/2026\/04\/logo-brikar200.png","type":"image\/png"}],"twitter_card":"summary_large_image","schema":{"@context":"https:\/\/schema.org","@graph":[{"@type":"WebPage","@id":"https:\/\/brikar.net\/boutique\/paiement-et-livraison\/","url":"https:\/\/brikar.net\/boutique\/paiement-et-livraison\/","name":"Paiement et livraison - Brikar.net","isPartOf":{"@id":"https:\/\/brikar.net\/boutique\/#website"},"datePublished":"2026-04-13T18:51:53+00:00","dateModified":"2026-04-13T19:41:48+00:00","breadcrumb":{"@id":"https:\/\/brikar.net\/boutique\/paiement-et-livraison\/#breadcrumb"},"inLanguage":"fr-FR","potentialAction":[{"@type":"ReadAction","target":["https:\/\/brikar.net\/boutique\/paiement-et-livraison\/"]}]},{"@type":"BreadcrumbList","@id":"https:\/\/brikar.net\/boutique\/paiement-et-livraison\/#breadcrumb","itemListElement":[{"@type":"ListItem","position":1,"name":"Accueil","item":"https:\/\/brikar.net\/boutique\/"},{"@type":"ListItem","position":2,"name":"Paiement et livraison"}]},{"@type":"WebSite","@id":"https:\/\/brikar.net\/boutique\/#website","url":"https:\/\/brikar.net\/boutique\/","name":"Brikar.net","description":"","publisher":{"@id":"https:\/\/brikar.net\/boutique\/#organization"},"potentialAction":[{"@type":"SearchAction","target":{"@type":"EntryPoint","urlTemplate":"https:\/\/brikar.net\/boutique\/?s={search_term_string}"},"query-input":{"@type":"PropertyValueSpecification","valueRequired":true,"valueName":"search_term_string"}}],"inLanguage":"fr-FR"},{"@type":"Organization","@id":"https:\/\/brikar.net\/boutique\/#organization","name":"Brikar.net","url":"https:\/\/brikar.net\/boutique\/","logo":{"@type":"ImageObject","inLanguage":"fr-FR","@id":"https:\/\/brikar.net\/boutique\/#\/schema\/logo\/image\/","url":"https:\/\/brikar.net\/boutique\/wp-content\/uploads\/2026\/04\/logo-brikar200.png","contentUrl":"https:\/\/brikar.net\/boutique\/wp-content\/uploads\/2026\/04\/logo-brikar200.png","width":200,"height":168,"caption":"Brikar.net"},"image":{"@id":"https:\/\/brikar.net\/boutique\/#\/schema\/logo\/image\/"},"sameAs":["https:\/\/www.facebook.com\/BrikarArtisans"]}]}},"jetpack_sharing_enabled":true,"_links":{"self":[{"href":"https:\/\/brikar.net\/boutique\/wp-json\/wp\/v2\/pages\/489","targetHints":{"allow":["GET"]}}],"collection":[{"href":"https:\/\/brikar.net\/boutique\/wp-json\/wp\/v2\/pages"}],"about":[{"href":"https:\/\/brikar.net\/boutique\/wp-json\/wp\/v2\/types\/page"}],"author":[{"embeddable":true,"href":"https:\/\/brikar.net\/boutique\/wp-json\/wp\/v2\/users\/1"}],"replies":[{"embeddable":true,"href":"https:\/\/brikar.net\/boutique\/wp-json\/wp\/v2\/comments?post=489"}],"version-history":[{"count":12,"href":"https:\/\/brikar.net\/boutique\/wp-json\/wp\/v2\/pages\/489\/revisions"}],"predecessor-version":[{"id":505,"href":"https:\/\/brikar.net\/boutique\/wp-json\/wp\/v2\/pages\/489\/revisions\/505"}],"wp:attachment":[{"href":"https:\/\/brikar.net\/boutique\/wp-json\/wp\/v2\/media?parent=489"}],"curies":[{"name":"wp","href":"https:\/\/api.w.org\/{rel}","templated":true}]}}