{"id":102,"date":"2026-04-08T14:09:32","date_gmt":"2026-04-08T14:09:32","guid":{"rendered":"https:\/\/brikar.net\/boutique\/?post_type=product&#038;p=102"},"modified":"2026-04-11T11:15:34","modified_gmt":"2026-04-11T11:15:34","slug":"scie-a-pain-bois-recycle","status":"publish","type":"product","link":"https:\/\/brikar.net\/boutique\/produit\/scie-a-pain-bois-recycle\/","title":{"rendered":"Scie \u00e0 pain bois recycl\u00e9"},"content":{"rendered":"<h3>Scie \u00e0 pain bois recycl\u00e9<\/h3>\n<ul>\n<li>Scie \u00e0 pain la couleur de la scie est\u00a0 choisis al\u00e9atoire<\/li>\n<li>Couper votre pain l&rsquo;\u00e9paisseur d\u00e9sir\u00e9 sans l&rsquo;\u00e9craser.<\/li>\n<li>Fabriqu\u00e9 artisanalement au Qu\u00e9bec.<\/li>\n<li>Scie de 12po (30cm)<\/li>\n<li>Finition avec enduit alimentaire<\/li>\n<li>Dimensions : 40.5 x 5cm (16 x 2po)<\/li>\n<\/ul>\n<ul>\n<li>Choix de scie pour droitier, gaucher ou ambidextre<\/li>\n<li>Scie ambidextre pour un l\u00e9ger suppl\u00e9ment (Scie \u00e0 pain ambidextre poign\u00e9e \u00e0 chaque bout, convient aussi bien au personne droiti\u00e8re ou gauch\u00e8re).<\/li>\n<\/ul>\n","protected":false},"excerpt":{"rendered":"<h3>Scie \u00e0 pain bois recycl\u00e9<\/h3>\n<ul>\n<li>Scie \u00e0 pain<\/li>\n<li>Couper votre pain l&rsquo;\u00e9paisseur d\u00e9sir\u00e9 sans l&rsquo;\u00e9craser.<\/li>\n<li>Fabriqu\u00e9 artisanalement au Qu\u00e9bec.<\/li>\n<li>Scie de 12po (30cm)<\/li>\n<li>Choix de scie pour droitier, gaucher ou ambidextre<\/li>\n<li><strong>Ce produit peut \u00eatre personnalis\u00e9, nous contacter \u00e0<a href=\"mailto:commande@brikar.net\"> commande@brikar.net<\/a><\/strong><\/li>\n<\/ul>\n","protected":false},"featured_media":131,"comment_status":"open","ping_status":"closed","template":"","meta":[],"product_brand":[],"product_cat":[18],"product_tag":[36],"class_list":{"0":"post-102","1":"product","2":"type-product","3":"status-publish","4":"has-post-thumbnail","6":"product_cat-cuisine","7":"product_tag-scie-a-pain","8":"product_shipping_class-colis","10":"first","11":"instock","12":"taxable","13":"shipping-taxable","14":"purchasable","15":"product-type-variable","16":"has-default-attributes"},"yoast_head":"<!-- This site is optimized with the Yoast SEO plugin v27.4 - https:\/\/yoast.com\/product\/yoast-seo-wordpress\/ -->\n<title>Scie \u00e0 pain bois recycl\u00e9 - Brikar.net<\/title>\n<meta name=\"robots\" content=\"index, follow, max-snippet:-1, max-image-preview:large, max-video-preview:-1\" \/>\n<link rel=\"canonical\" href=\"https:\/\/brikar.net\/boutique\/produit\/scie-a-pain-bois-recycle\/\" \/>\n<meta property=\"og:locale\" content=\"fr_FR\" \/>\n<meta property=\"og:type\" content=\"article\" \/>\n<meta property=\"og:title\" content=\"Scie \u00e0 pain bois recycl\u00e9 - Brikar.net\" \/>\n<meta property=\"og:description\" content=\"Scie \u00e0 pain bois recycl\u00e9   Scie \u00e0 pain  Couper votre pain l&#039;\u00e9paisseur d\u00e9sir\u00e9 sans l&#039;\u00e9craser.  Fabriqu\u00e9 artisanalement au Qu\u00e9bec.  Scie de 12po (30cm)  Choix de scie pour droitier, gaucher ou ambidextre  Ce produit peut \u00eatre personnalis\u00e9, nous contacter \u00e0 commande@brikar.net\" \/>\n<meta property=\"og:url\" content=\"https:\/\/brikar.net\/boutique\/produit\/scie-a-pain-bois-recycle\/\" \/>\n<meta property=\"og:site_name\" content=\"Brikar.net\" \/>\n<meta property=\"article:publisher\" content=\"https:\/\/www.facebook.com\/BrikarArtisans\" \/>\n<meta property=\"article:modified_time\" content=\"2026-04-11T11:15:34+00:00\" \/>\n<meta property=\"og:image\" content=\"https:\/\/brikar.net\/boutique\/wp-content\/uploads\/2026\/04\/logo-brikar200.png\" \/>\n\t<meta property=\"og:image:width\" content=\"200\" \/>\n\t<meta property=\"og:image:height\" content=\"168\" \/>\n\t<meta property=\"og:image:type\" content=\"image\/png\" \/>\n<meta name=\"twitter:card\" content=\"summary_large_image\" \/>\n<script type=\"application\/ld+json\" class=\"yoast-schema-graph\">{\"@context\":\"https:\\\/\\\/schema.org\",\"@graph\":[{\"@type\":\"WebPage\",\"@id\":\"https:\\\/\\\/brikar.net\\\/boutique\\\/produit\\\/scie-a-pain-bois-recycle\\\/\",\"url\":\"https:\\\/\\\/brikar.net\\\/boutique\\\/produit\\\/scie-a-pain-bois-recycle\\\/\",\"name\":\"Scie \u00e0 pain bois recycl\u00e9 - Brikar.net\",\"isPartOf\":{\"@id\":\"https:\\\/\\\/brikar.net\\\/boutique\\\/#website\"},\"primaryImageOfPage\":{\"@id\":\"https:\\\/\\\/brikar.net\\\/boutique\\\/produit\\\/scie-a-pain-bois-recycle\\\/#primaryimage\"},\"image\":{\"@id\":\"https:\\\/\\\/brikar.net\\\/boutique\\\/produit\\\/scie-a-pain-bois-recycle\\\/#primaryimage\"},\"thumbnailUrl\":\"https:\\\/\\\/brikar.net\\\/boutique\\\/wp-content\\\/uploads\\\/2026\\\/04\\\/31824-00-scie_bois_recycle.webp\",\"datePublished\":\"2026-04-08T14:09:32+00:00\",\"dateModified\":\"2026-04-11T11:15:34+00:00\",\"breadcrumb\":{\"@id\":\"https:\\\/\\\/brikar.net\\\/boutique\\\/produit\\\/scie-a-pain-bois-recycle\\\/#breadcrumb\"},\"inLanguage\":\"fr-FR\",\"potentialAction\":[{\"@type\":\"ReadAction\",\"target\":[\"https:\\\/\\\/brikar.net\\\/boutique\\\/produit\\\/scie-a-pain-bois-recycle\\\/\"]}]},{\"@type\":\"ImageObject\",\"inLanguage\":\"fr-FR\",\"@id\":\"https:\\\/\\\/brikar.net\\\/boutique\\\/produit\\\/scie-a-pain-bois-recycle\\\/#primaryimage\",\"url\":\"https:\\\/\\\/brikar.net\\\/boutique\\\/wp-content\\\/uploads\\\/2026\\\/04\\\/31824-00-scie_bois_recycle.webp\",\"contentUrl\":\"https:\\\/\\\/brikar.net\\\/boutique\\\/wp-content\\\/uploads\\\/2026\\\/04\\\/31824-00-scie_bois_recycle.webp\",\"width\":800,\"height\":800},{\"@type\":\"BreadcrumbList\",\"@id\":\"https:\\\/\\\/brikar.net\\\/boutique\\\/produit\\\/scie-a-pain-bois-recycle\\\/#breadcrumb\",\"itemListElement\":[{\"@type\":\"ListItem\",\"position\":1,\"name\":\"Accueil\",\"item\":\"https:\\\/\\\/brikar.net\\\/boutique\\\/\"},{\"@type\":\"ListItem\",\"position\":2,\"name\":\"Boutique\",\"item\":\"https:\\\/\\\/brikar.net\\\/boutique\\\/boutique\\\/\"},{\"@type\":\"ListItem\",\"position\":3,\"name\":\"Scie \u00e0 pain bois recycl\u00e9\"}]},{\"@type\":\"WebSite\",\"@id\":\"https:\\\/\\\/brikar.net\\\/boutique\\\/#website\",\"url\":\"https:\\\/\\\/brikar.net\\\/boutique\\\/\",\"name\":\"Brikar.net\",\"description\":\"\",\"publisher\":{\"@id\":\"https:\\\/\\\/brikar.net\\\/boutique\\\/#organization\"},\"potentialAction\":[{\"@type\":\"SearchAction\",\"target\":{\"@type\":\"EntryPoint\",\"urlTemplate\":\"https:\\\/\\\/brikar.net\\\/boutique\\\/?s={search_term_string}\"},\"query-input\":{\"@type\":\"PropertyValueSpecification\",\"valueRequired\":true,\"valueName\":\"search_term_string\"}}],\"inLanguage\":\"fr-FR\"},{\"@type\":\"Organization\",\"@id\":\"https:\\\/\\\/brikar.net\\\/boutique\\\/#organization\",\"name\":\"Brikar.net\",\"url\":\"https:\\\/\\\/brikar.net\\\/boutique\\\/\",\"logo\":{\"@type\":\"ImageObject\",\"inLanguage\":\"fr-FR\",\"@id\":\"https:\\\/\\\/brikar.net\\\/boutique\\\/#\\\/schema\\\/logo\\\/image\\\/\",\"url\":\"https:\\\/\\\/brikar.net\\\/boutique\\\/wp-content\\\/uploads\\\/2026\\\/04\\\/logo-brikar200.png\",\"contentUrl\":\"https:\\\/\\\/brikar.net\\\/boutique\\\/wp-content\\\/uploads\\\/2026\\\/04\\\/logo-brikar200.png\",\"width\":200,\"height\":168,\"caption\":\"Brikar.net\"},\"image\":{\"@id\":\"https:\\\/\\\/brikar.net\\\/boutique\\\/#\\\/schema\\\/logo\\\/image\\\/\"},\"sameAs\":[\"https:\\\/\\\/www.facebook.com\\\/BrikarArtisans\"]}]}<\/script>\n<!-- \/ Yoast SEO plugin. -->","yoast_head_json":{"title":"Scie \u00e0 pain bois recycl\u00e9 - Brikar.net","robots":{"index":"index","follow":"follow","max-snippet":"max-snippet:-1","max-image-preview":"max-image-preview:large","max-video-preview":"max-video-preview:-1"},"canonical":"https:\/\/brikar.net\/boutique\/produit\/scie-a-pain-bois-recycle\/","og_locale":"fr_FR","og_type":"article","og_title":"Scie \u00e0 pain bois recycl\u00e9 - Brikar.net","og_description":"Scie \u00e0 pain bois recycl\u00e9   Scie \u00e0 pain  Couper votre pain l'\u00e9paisseur d\u00e9sir\u00e9 sans l'\u00e9craser.  Fabriqu\u00e9 artisanalement au Qu\u00e9bec.  Scie de 12po (30cm)  Choix de scie pour droitier, gaucher ou ambidextre  Ce produit peut \u00eatre personnalis\u00e9, nous contacter \u00e0 commande@brikar.net","og_url":"https:\/\/brikar.net\/boutique\/produit\/scie-a-pain-bois-recycle\/","og_site_name":"Brikar.net","article_publisher":"https:\/\/www.facebook.com\/BrikarArtisans","article_modified_time":"2026-04-11T11:15:34+00:00","og_image":[{"width":200,"height":168,"url":"https:\/\/brikar.net\/boutique\/wp-content\/uploads\/2026\/04\/logo-brikar200.png","type":"image\/png"}],"twitter_card":"summary_large_image","schema":{"@context":"https:\/\/schema.org","@graph":[{"@type":"WebPage","@id":"https:\/\/brikar.net\/boutique\/produit\/scie-a-pain-bois-recycle\/","url":"https:\/\/brikar.net\/boutique\/produit\/scie-a-pain-bois-recycle\/","name":"Scie \u00e0 pain bois recycl\u00e9 - Brikar.net","isPartOf":{"@id":"https:\/\/brikar.net\/boutique\/#website"},"primaryImageOfPage":{"@id":"https:\/\/brikar.net\/boutique\/produit\/scie-a-pain-bois-recycle\/#primaryimage"},"image":{"@id":"https:\/\/brikar.net\/boutique\/produit\/scie-a-pain-bois-recycle\/#primaryimage"},"thumbnailUrl":"https:\/\/brikar.net\/boutique\/wp-content\/uploads\/2026\/04\/31824-00-scie_bois_recycle.webp","datePublished":"2026-04-08T14:09:32+00:00","dateModified":"2026-04-11T11:15:34+00:00","breadcrumb":{"@id":"https:\/\/brikar.net\/boutique\/produit\/scie-a-pain-bois-recycle\/#breadcrumb"},"inLanguage":"fr-FR","potentialAction":[{"@type":"ReadAction","target":["https:\/\/brikar.net\/boutique\/produit\/scie-a-pain-bois-recycle\/"]}]},{"@type":"ImageObject","inLanguage":"fr-FR","@id":"https:\/\/brikar.net\/boutique\/produit\/scie-a-pain-bois-recycle\/#primaryimage","url":"https:\/\/brikar.net\/boutique\/wp-content\/uploads\/2026\/04\/31824-00-scie_bois_recycle.webp","contentUrl":"https:\/\/brikar.net\/boutique\/wp-content\/uploads\/2026\/04\/31824-00-scie_bois_recycle.webp","width":800,"height":800},{"@type":"BreadcrumbList","@id":"https:\/\/brikar.net\/boutique\/produit\/scie-a-pain-bois-recycle\/#breadcrumb","itemListElement":[{"@type":"ListItem","position":1,"name":"Accueil","item":"https:\/\/brikar.net\/boutique\/"},{"@type":"ListItem","position":2,"name":"Boutique","item":"https:\/\/brikar.net\/boutique\/boutique\/"},{"@type":"ListItem","position":3,"name":"Scie \u00e0 pain bois recycl\u00e9"}]},{"@type":"WebSite","@id":"https:\/\/brikar.net\/boutique\/#website","url":"https:\/\/brikar.net\/boutique\/","name":"Brikar.net","description":"","publisher":{"@id":"https:\/\/brikar.net\/boutique\/#organization"},"potentialAction":[{"@type":"SearchAction","target":{"@type":"EntryPoint","urlTemplate":"https:\/\/brikar.net\/boutique\/?s={search_term_string}"},"query-input":{"@type":"PropertyValueSpecification","valueRequired":true,"valueName":"search_term_string"}}],"inLanguage":"fr-FR"},{"@type":"Organization","@id":"https:\/\/brikar.net\/boutique\/#organization","name":"Brikar.net","url":"https:\/\/brikar.net\/boutique\/","logo":{"@type":"ImageObject","inLanguage":"fr-FR","@id":"https:\/\/brikar.net\/boutique\/#\/schema\/logo\/image\/","url":"https:\/\/brikar.net\/boutique\/wp-content\/uploads\/2026\/04\/logo-brikar200.png","contentUrl":"https:\/\/brikar.net\/boutique\/wp-content\/uploads\/2026\/04\/logo-brikar200.png","width":200,"height":168,"caption":"Brikar.net"},"image":{"@id":"https:\/\/brikar.net\/boutique\/#\/schema\/logo\/image\/"},"sameAs":["https:\/\/www.facebook.com\/BrikarArtisans"]}]}},"jetpack_sharing_enabled":true,"_links":{"self":[{"href":"https:\/\/brikar.net\/boutique\/wp-json\/wp\/v2\/product\/102","targetHints":{"allow":["GET"]}}],"collection":[{"href":"https:\/\/brikar.net\/boutique\/wp-json\/wp\/v2\/product"}],"about":[{"href":"https:\/\/brikar.net\/boutique\/wp-json\/wp\/v2\/types\/product"}],"replies":[{"embeddable":true,"href":"https:\/\/brikar.net\/boutique\/wp-json\/wp\/v2\/comments?post=102"}],"wp:featuredmedia":[{"embeddable":true,"href":"https:\/\/brikar.net\/boutique\/wp-json\/wp\/v2\/media\/131"}],"wp:attachment":[{"href":"https:\/\/brikar.net\/boutique\/wp-json\/wp\/v2\/media?parent=102"}],"wp:term":[{"taxonomy":"product_brand","embeddable":true,"href":"https:\/\/brikar.net\/boutique\/wp-json\/wp\/v2\/product_brand?post=102"},{"taxonomy":"product_cat","embeddable":true,"href":"https:\/\/brikar.net\/boutique\/wp-json\/wp\/v2\/product_cat?post=102"},{"taxonomy":"product_tag","embeddable":true,"href":"https:\/\/brikar.net\/boutique\/wp-json\/wp\/v2\/product_tag?post=102"}],"curies":[{"name":"wp","href":"https:\/\/api.w.org\/{rel}","templated":true}]}}