{"id":164,"date":"2026-04-08T14:10:44","date_gmt":"2026-04-08T14:10:44","guid":{"rendered":"https:\/\/brikar.net\/boutique\/?post_type=product&#038;p=164"},"modified":"2026-04-14T15:15:23","modified_gmt":"2026-04-14T15:15:23","slug":"planche-de-service","status":"publish","type":"product","link":"https:\/\/brikar.net\/boutique\/produit\/planche-de-service\/","title":{"rendered":"Planche de service"},"content":{"rendered":"<p>CODE: LAS25002<\/p>\n<p>Une planche de service personnalis\u00e9e en marbre et en acacia est un excellent choix pour ajouter une touche d&rsquo;\u00e9l\u00e9gance \u00e0 vos repas ou pr\u00e9sentations culinaires! Ces planches allient la durabilit\u00e9 du marbre et la beaut\u00e9 naturelle de l&rsquo;acacia, cr\u00e9ant un accessoire unique et fonctionnel.<\/p>\n<p>Dimensions approx. de la planche : 11 x 6 3\/8 po x 1\/2 po (28 x 16 x 2.5 cm)<\/p>\n","protected":false},"excerpt":{"rendered":"<p>Ces planches allient la durabilit\u00e9 du marbre et la beaut\u00e9 naturelle de l&rsquo;acacia, cr\u00e9ant un accessoire unique et fonctionnel.<\/p>\n","protected":false},"featured_media":516,"comment_status":"open","ping_status":"closed","template":"","meta":[],"product_brand":[],"product_cat":[18,15],"product_tag":[109],"class_list":{"0":"post-164","1":"product","2":"type-product","3":"status-publish","4":"has-post-thumbnail","6":"product_cat-cuisine","7":"product_cat-dernier-produit","8":"product_tag-planche-de-service-marbre-et-accacia","9":"product_shipping_class-colis","11":"first","12":"instock","13":"taxable","14":"shipping-taxable","15":"purchasable","16":"product-type-variable","17":"has-default-attributes"},"yoast_head":"<!-- This site is optimized with the Yoast SEO plugin v27.4 - https:\/\/yoast.com\/product\/yoast-seo-wordpress\/ -->\n<title>Planche de service - Brikar.net<\/title>\n<meta name=\"description\" content=\"Ces planches allient la durabilit\u00e9 du marbre et la beaut\u00e9 naturelle de l\u2019acacia, cr\u00e9ant un accessoire unique et fonctionnel.\" \/>\n<meta name=\"robots\" content=\"index, follow, max-snippet:-1, max-image-preview:large, max-video-preview:-1\" \/>\n<link rel=\"canonical\" href=\"https:\/\/brikar.net\/boutique\/produit\/planche-de-service\/\" \/>\n<meta property=\"og:locale\" content=\"fr_FR\" \/>\n<meta property=\"og:type\" content=\"article\" \/>\n<meta property=\"og:title\" content=\"Planche de service - Brikar.net\" \/>\n<meta property=\"og:description\" content=\"Ces planches allient la durabilit\u00e9 du marbre et la beaut\u00e9 naturelle de l\u2019acacia, cr\u00e9ant un accessoire unique et fonctionnel.\" \/>\n<meta property=\"og:url\" content=\"https:\/\/brikar.net\/boutique\/produit\/planche-de-service\/\" \/>\n<meta property=\"og:site_name\" content=\"Brikar.net\" \/>\n<meta property=\"article:publisher\" content=\"https:\/\/www.facebook.com\/BrikarArtisans\" \/>\n<meta property=\"article:modified_time\" content=\"2026-04-14T15:15:23+00:00\" \/>\n<meta property=\"og:image\" content=\"https:\/\/brikar.net\/boutique\/wp-content\/uploads\/2026\/04\/25002-02.jpg\" \/>\n\t<meta property=\"og:image:width\" content=\"800\" \/>\n\t<meta property=\"og:image:height\" content=\"800\" \/>\n\t<meta property=\"og:image:type\" content=\"image\/jpeg\" \/>\n<meta name=\"twitter:card\" content=\"summary_large_image\" \/>\n<meta name=\"twitter:label1\" content=\"Dur\u00e9e de lecture estim\u00e9e\" \/>\n\t<meta name=\"twitter:data1\" content=\"1 minute\" \/>\n<script type=\"application\/ld+json\" class=\"yoast-schema-graph\">{\"@context\":\"https:\\\/\\\/schema.org\",\"@graph\":[{\"@type\":\"WebPage\",\"@id\":\"https:\\\/\\\/brikar.net\\\/boutique\\\/produit\\\/planche-de-service\\\/\",\"url\":\"https:\\\/\\\/brikar.net\\\/boutique\\\/produit\\\/planche-de-service\\\/\",\"name\":\"Planche de service - Brikar.net\",\"isPartOf\":{\"@id\":\"https:\\\/\\\/brikar.net\\\/boutique\\\/#website\"},\"primaryImageOfPage\":{\"@id\":\"https:\\\/\\\/brikar.net\\\/boutique\\\/produit\\\/planche-de-service\\\/#primaryimage\"},\"image\":{\"@id\":\"https:\\\/\\\/brikar.net\\\/boutique\\\/produit\\\/planche-de-service\\\/#primaryimage\"},\"thumbnailUrl\":\"https:\\\/\\\/brikar.net\\\/boutique\\\/wp-content\\\/uploads\\\/2026\\\/04\\\/25002-02.jpg\",\"datePublished\":\"2026-04-08T14:10:44+00:00\",\"dateModified\":\"2026-04-14T15:15:23+00:00\",\"description\":\"Ces planches allient la durabilit\u00e9 du marbre et la beaut\u00e9 naturelle de l\u2019acacia, cr\u00e9ant un accessoire unique et fonctionnel.\",\"breadcrumb\":{\"@id\":\"https:\\\/\\\/brikar.net\\\/boutique\\\/produit\\\/planche-de-service\\\/#breadcrumb\"},\"inLanguage\":\"fr-FR\",\"potentialAction\":[{\"@type\":\"ReadAction\",\"target\":[\"https:\\\/\\\/brikar.net\\\/boutique\\\/produit\\\/planche-de-service\\\/\"]}]},{\"@type\":\"ImageObject\",\"inLanguage\":\"fr-FR\",\"@id\":\"https:\\\/\\\/brikar.net\\\/boutique\\\/produit\\\/planche-de-service\\\/#primaryimage\",\"url\":\"https:\\\/\\\/brikar.net\\\/boutique\\\/wp-content\\\/uploads\\\/2026\\\/04\\\/25002-02.jpg\",\"contentUrl\":\"https:\\\/\\\/brikar.net\\\/boutique\\\/wp-content\\\/uploads\\\/2026\\\/04\\\/25002-02.jpg\",\"width\":800,\"height\":800},{\"@type\":\"BreadcrumbList\",\"@id\":\"https:\\\/\\\/brikar.net\\\/boutique\\\/produit\\\/planche-de-service\\\/#breadcrumb\",\"itemListElement\":[{\"@type\":\"ListItem\",\"position\":1,\"name\":\"Accueil\",\"item\":\"https:\\\/\\\/brikar.net\\\/boutique\\\/\"},{\"@type\":\"ListItem\",\"position\":2,\"name\":\"Boutique\",\"item\":\"https:\\\/\\\/brikar.net\\\/boutique\\\/boutique\\\/\"},{\"@type\":\"ListItem\",\"position\":3,\"name\":\"Planche de service\"}]},{\"@type\":\"WebSite\",\"@id\":\"https:\\\/\\\/brikar.net\\\/boutique\\\/#website\",\"url\":\"https:\\\/\\\/brikar.net\\\/boutique\\\/\",\"name\":\"Brikar.net\",\"description\":\"\",\"publisher\":{\"@id\":\"https:\\\/\\\/brikar.net\\\/boutique\\\/#organization\"},\"potentialAction\":[{\"@type\":\"SearchAction\",\"target\":{\"@type\":\"EntryPoint\",\"urlTemplate\":\"https:\\\/\\\/brikar.net\\\/boutique\\\/?s={search_term_string}\"},\"query-input\":{\"@type\":\"PropertyValueSpecification\",\"valueRequired\":true,\"valueName\":\"search_term_string\"}}],\"inLanguage\":\"fr-FR\"},{\"@type\":\"Organization\",\"@id\":\"https:\\\/\\\/brikar.net\\\/boutique\\\/#organization\",\"name\":\"Brikar.net\",\"url\":\"https:\\\/\\\/brikar.net\\\/boutique\\\/\",\"logo\":{\"@type\":\"ImageObject\",\"inLanguage\":\"fr-FR\",\"@id\":\"https:\\\/\\\/brikar.net\\\/boutique\\\/#\\\/schema\\\/logo\\\/image\\\/\",\"url\":\"https:\\\/\\\/brikar.net\\\/boutique\\\/wp-content\\\/uploads\\\/2026\\\/04\\\/logo-brikar200.png\",\"contentUrl\":\"https:\\\/\\\/brikar.net\\\/boutique\\\/wp-content\\\/uploads\\\/2026\\\/04\\\/logo-brikar200.png\",\"width\":200,\"height\":168,\"caption\":\"Brikar.net\"},\"image\":{\"@id\":\"https:\\\/\\\/brikar.net\\\/boutique\\\/#\\\/schema\\\/logo\\\/image\\\/\"},\"sameAs\":[\"https:\\\/\\\/www.facebook.com\\\/BrikarArtisans\"]}]}<\/script>\n<!-- \/ Yoast SEO plugin. -->","yoast_head_json":{"title":"Planche de service - Brikar.net","description":"Ces planches allient la durabilit\u00e9 du marbre et la beaut\u00e9 naturelle de l\u2019acacia, cr\u00e9ant un accessoire unique et fonctionnel.","robots":{"index":"index","follow":"follow","max-snippet":"max-snippet:-1","max-image-preview":"max-image-preview:large","max-video-preview":"max-video-preview:-1"},"canonical":"https:\/\/brikar.net\/boutique\/produit\/planche-de-service\/","og_locale":"fr_FR","og_type":"article","og_title":"Planche de service - Brikar.net","og_description":"Ces planches allient la durabilit\u00e9 du marbre et la beaut\u00e9 naturelle de l\u2019acacia, cr\u00e9ant un accessoire unique et fonctionnel.","og_url":"https:\/\/brikar.net\/boutique\/produit\/planche-de-service\/","og_site_name":"Brikar.net","article_publisher":"https:\/\/www.facebook.com\/BrikarArtisans","article_modified_time":"2026-04-14T15:15:23+00:00","og_image":[{"width":800,"height":800,"url":"https:\/\/brikar.net\/boutique\/wp-content\/uploads\/2026\/04\/25002-02.jpg","type":"image\/jpeg"}],"twitter_card":"summary_large_image","twitter_misc":{"Dur\u00e9e de lecture estim\u00e9e":"1 minute"},"schema":{"@context":"https:\/\/schema.org","@graph":[{"@type":"WebPage","@id":"https:\/\/brikar.net\/boutique\/produit\/planche-de-service\/","url":"https:\/\/brikar.net\/boutique\/produit\/planche-de-service\/","name":"Planche de service - Brikar.net","isPartOf":{"@id":"https:\/\/brikar.net\/boutique\/#website"},"primaryImageOfPage":{"@id":"https:\/\/brikar.net\/boutique\/produit\/planche-de-service\/#primaryimage"},"image":{"@id":"https:\/\/brikar.net\/boutique\/produit\/planche-de-service\/#primaryimage"},"thumbnailUrl":"https:\/\/brikar.net\/boutique\/wp-content\/uploads\/2026\/04\/25002-02.jpg","datePublished":"2026-04-08T14:10:44+00:00","dateModified":"2026-04-14T15:15:23+00:00","description":"Ces planches allient la durabilit\u00e9 du marbre et la beaut\u00e9 naturelle de l\u2019acacia, cr\u00e9ant un accessoire unique et fonctionnel.","breadcrumb":{"@id":"https:\/\/brikar.net\/boutique\/produit\/planche-de-service\/#breadcrumb"},"inLanguage":"fr-FR","potentialAction":[{"@type":"ReadAction","target":["https:\/\/brikar.net\/boutique\/produit\/planche-de-service\/"]}]},{"@type":"ImageObject","inLanguage":"fr-FR","@id":"https:\/\/brikar.net\/boutique\/produit\/planche-de-service\/#primaryimage","url":"https:\/\/brikar.net\/boutique\/wp-content\/uploads\/2026\/04\/25002-02.jpg","contentUrl":"https:\/\/brikar.net\/boutique\/wp-content\/uploads\/2026\/04\/25002-02.jpg","width":800,"height":800},{"@type":"BreadcrumbList","@id":"https:\/\/brikar.net\/boutique\/produit\/planche-de-service\/#breadcrumb","itemListElement":[{"@type":"ListItem","position":1,"name":"Accueil","item":"https:\/\/brikar.net\/boutique\/"},{"@type":"ListItem","position":2,"name":"Boutique","item":"https:\/\/brikar.net\/boutique\/boutique\/"},{"@type":"ListItem","position":3,"name":"Planche de service"}]},{"@type":"WebSite","@id":"https:\/\/brikar.net\/boutique\/#website","url":"https:\/\/brikar.net\/boutique\/","name":"Brikar.net","description":"","publisher":{"@id":"https:\/\/brikar.net\/boutique\/#organization"},"potentialAction":[{"@type":"SearchAction","target":{"@type":"EntryPoint","urlTemplate":"https:\/\/brikar.net\/boutique\/?s={search_term_string}"},"query-input":{"@type":"PropertyValueSpecification","valueRequired":true,"valueName":"search_term_string"}}],"inLanguage":"fr-FR"},{"@type":"Organization","@id":"https:\/\/brikar.net\/boutique\/#organization","name":"Brikar.net","url":"https:\/\/brikar.net\/boutique\/","logo":{"@type":"ImageObject","inLanguage":"fr-FR","@id":"https:\/\/brikar.net\/boutique\/#\/schema\/logo\/image\/","url":"https:\/\/brikar.net\/boutique\/wp-content\/uploads\/2026\/04\/logo-brikar200.png","contentUrl":"https:\/\/brikar.net\/boutique\/wp-content\/uploads\/2026\/04\/logo-brikar200.png","width":200,"height":168,"caption":"Brikar.net"},"image":{"@id":"https:\/\/brikar.net\/boutique\/#\/schema\/logo\/image\/"},"sameAs":["https:\/\/www.facebook.com\/BrikarArtisans"]}]}},"jetpack_sharing_enabled":true,"_links":{"self":[{"href":"https:\/\/brikar.net\/boutique\/wp-json\/wp\/v2\/product\/164","targetHints":{"allow":["GET"]}}],"collection":[{"href":"https:\/\/brikar.net\/boutique\/wp-json\/wp\/v2\/product"}],"about":[{"href":"https:\/\/brikar.net\/boutique\/wp-json\/wp\/v2\/types\/product"}],"replies":[{"embeddable":true,"href":"https:\/\/brikar.net\/boutique\/wp-json\/wp\/v2\/comments?post=164"}],"wp:featuredmedia":[{"embeddable":true,"href":"https:\/\/brikar.net\/boutique\/wp-json\/wp\/v2\/media\/516"}],"wp:attachment":[{"href":"https:\/\/brikar.net\/boutique\/wp-json\/wp\/v2\/media?parent=164"}],"wp:term":[{"taxonomy":"product_brand","embeddable":true,"href":"https:\/\/brikar.net\/boutique\/wp-json\/wp\/v2\/product_brand?post=164"},{"taxonomy":"product_cat","embeddable":true,"href":"https:\/\/brikar.net\/boutique\/wp-json\/wp\/v2\/product_cat?post=164"},{"taxonomy":"product_tag","embeddable":true,"href":"https:\/\/brikar.net\/boutique\/wp-json\/wp\/v2\/product_tag?post=164"}],"curies":[{"name":"wp","href":"https:\/\/api.w.org\/{rel}","templated":true}]}}