{"id":166,"date":"2026-04-08T14:10:44","date_gmt":"2026-04-08T14:10:44","guid":{"rendered":"https:\/\/brikar.net\/boutique\/?post_type=product&#038;p=166"},"modified":"2026-04-08T14:11:40","modified_gmt":"2026-04-08T14:11:40","slug":"porte-cles-maison-personnalise","status":"publish","type":"product","link":"https:\/\/brikar.net\/boutique\/produit\/porte-cles-maison-personnalise\/","title":{"rendered":"Porte-cl\u00e9s maison personnalis\u00e9"},"content":{"rendered":"<p>Les porte-cl\u00e9s personnalis\u00e9s sont le parfait comme articles promotionnels,<\/p>\n<p>Offerts en petites quantit\u00e9s, ils sont id\u00e9aux pour des cadeaux uniques ou pour promouvoir une petite entreprise de mani\u00e8re distinctive.<\/p>\n<p>Que ce soit avec un nom, un logo ou un dessin sp\u00e9cial, chaque porte-cl\u00e9 est un unique. Dans un monde o\u00f9 chaque d\u00e9tail compte, ces petits objets deviennent des souvenirs m\u00e9morables, marquant les esprits avec leur singularit\u00e9.<\/p>\n","protected":false},"excerpt":{"rendered":"<p>Les porte-cl\u00e9s personnalis\u00e9s sont le parfait comme articles promotionnels,<\/p>\n<p>Offerts en petites quantit\u00e9s, ils sont id\u00e9aux pour des cadeaux uniques ou pour promouvoir une petite entreprise de mani\u00e8re distinctive.<\/p>\n<p>Que ce soit avec un nom, un logo ou un dessin sp\u00e9cial, chaque porte-cl\u00e9 est un unique. Dans un monde o\u00f9 chaque d\u00e9tail compte, ces petits objets deviennent des souvenirs m\u00e9morables, marquant les esprits avec leur singularit\u00e9.<\/p>\n<p>Nous dessinons votre mod\u00e8le aussi.<\/p>\n<p>pour une information encoyer votre logo ou texte \u00e0 <a href=\"mailto:commande@brikar.net\">commande@brikar.net<\/a><\/p>\n","protected":false},"featured_media":199,"comment_status":"open","ping_status":"closed","template":"","meta":[],"product_brand":[],"product_cat":[40],"product_tag":[42],"class_list":{"0":"post-166","1":"product","2":"type-product","3":"status-publish","4":"has-post-thumbnail","6":"product_cat-articles-promotionnels","7":"product_tag-porte-cles","8":"product_shipping_class-colis","10":"first","11":"instock","12":"taxable","13":"shipping-taxable","14":"product-type-simple"},"yoast_head":"<!-- This site is optimized with the Yoast SEO plugin v27.4 - https:\/\/yoast.com\/product\/yoast-seo-wordpress\/ -->\n<title>Porte-cl\u00e9s maison personnalis\u00e9 - Brikar.net<\/title>\n<meta name=\"robots\" content=\"index, follow, max-snippet:-1, max-image-preview:large, max-video-preview:-1\" \/>\n<link rel=\"canonical\" href=\"https:\/\/brikar.net\/boutique\/produit\/porte-cles-maison-personnalise\/\" \/>\n<meta property=\"og:locale\" content=\"fr_FR\" \/>\n<meta property=\"og:type\" content=\"article\" \/>\n<meta property=\"og:title\" content=\"Porte-cl\u00e9s maison personnalis\u00e9 - Brikar.net\" \/>\n<meta property=\"og:description\" content=\"Les porte-cl\u00e9s personnalis\u00e9s sont le parfait comme articles promotionnels,  Offerts en petites quantit\u00e9s, ils sont id\u00e9aux pour des cadeaux uniques ou pour promouvoir une petite entreprise de mani\u00e8re distinctive.  Que ce soit avec un nom, un logo ou un dessin sp\u00e9cial, chaque porte-cl\u00e9 est un unique. Dans un monde o\u00f9 chaque d\u00e9tail compte, ces petits objets deviennent des souvenirs m\u00e9morables, marquant les esprits avec leur singularit\u00e9.  Nous dessinons votre mod\u00e8le aussi.  pour une information encoyer votre logo ou texte \u00e0 commande@brikar.net\" \/>\n<meta property=\"og:url\" content=\"https:\/\/brikar.net\/boutique\/produit\/porte-cles-maison-personnalise\/\" \/>\n<meta property=\"og:site_name\" content=\"Brikar.net\" \/>\n<meta property=\"article:publisher\" content=\"https:\/\/www.facebook.com\/BrikarArtisans\" \/>\n<meta property=\"article:modified_time\" content=\"2026-04-08T14:11:40+00:00\" \/>\n<meta property=\"og:image\" content=\"https:\/\/brikar.net\/boutique\/wp-content\/uploads\/2026\/04\/logo-brikar200.png\" \/>\n\t<meta property=\"og:image:width\" content=\"200\" \/>\n\t<meta property=\"og:image:height\" content=\"168\" \/>\n\t<meta property=\"og:image:type\" content=\"image\/png\" \/>\n<meta name=\"twitter:card\" content=\"summary_large_image\" \/>\n<script type=\"application\/ld+json\" class=\"yoast-schema-graph\">{\"@context\":\"https:\\\/\\\/schema.org\",\"@graph\":[{\"@type\":\"WebPage\",\"@id\":\"https:\\\/\\\/brikar.net\\\/boutique\\\/produit\\\/porte-cles-maison-personnalise\\\/\",\"url\":\"https:\\\/\\\/brikar.net\\\/boutique\\\/produit\\\/porte-cles-maison-personnalise\\\/\",\"name\":\"Porte-cl\u00e9s maison personnalis\u00e9 - Brikar.net\",\"isPartOf\":{\"@id\":\"https:\\\/\\\/brikar.net\\\/boutique\\\/#website\"},\"primaryImageOfPage\":{\"@id\":\"https:\\\/\\\/brikar.net\\\/boutique\\\/produit\\\/porte-cles-maison-personnalise\\\/#primaryimage\"},\"image\":{\"@id\":\"https:\\\/\\\/brikar.net\\\/boutique\\\/produit\\\/porte-cles-maison-personnalise\\\/#primaryimage\"},\"thumbnailUrl\":\"https:\\\/\\\/brikar.net\\\/boutique\\\/wp-content\\\/uploads\\\/2026\\\/04\\\/LAS25004-maison.webp\",\"datePublished\":\"2026-04-08T14:10:44+00:00\",\"dateModified\":\"2026-04-08T14:11:40+00:00\",\"breadcrumb\":{\"@id\":\"https:\\\/\\\/brikar.net\\\/boutique\\\/produit\\\/porte-cles-maison-personnalise\\\/#breadcrumb\"},\"inLanguage\":\"fr-FR\",\"potentialAction\":[{\"@type\":\"ReadAction\",\"target\":[\"https:\\\/\\\/brikar.net\\\/boutique\\\/produit\\\/porte-cles-maison-personnalise\\\/\"]}]},{\"@type\":\"ImageObject\",\"inLanguage\":\"fr-FR\",\"@id\":\"https:\\\/\\\/brikar.net\\\/boutique\\\/produit\\\/porte-cles-maison-personnalise\\\/#primaryimage\",\"url\":\"https:\\\/\\\/brikar.net\\\/boutique\\\/wp-content\\\/uploads\\\/2026\\\/04\\\/LAS25004-maison.webp\",\"contentUrl\":\"https:\\\/\\\/brikar.net\\\/boutique\\\/wp-content\\\/uploads\\\/2026\\\/04\\\/LAS25004-maison.webp\",\"width\":800,\"height\":800},{\"@type\":\"BreadcrumbList\",\"@id\":\"https:\\\/\\\/brikar.net\\\/boutique\\\/produit\\\/porte-cles-maison-personnalise\\\/#breadcrumb\",\"itemListElement\":[{\"@type\":\"ListItem\",\"position\":1,\"name\":\"Accueil\",\"item\":\"https:\\\/\\\/brikar.net\\\/boutique\\\/\"},{\"@type\":\"ListItem\",\"position\":2,\"name\":\"Boutique\",\"item\":\"https:\\\/\\\/brikar.net\\\/boutique\\\/boutique\\\/\"},{\"@type\":\"ListItem\",\"position\":3,\"name\":\"Porte-cl\u00e9s maison personnalis\u00e9\"}]},{\"@type\":\"WebSite\",\"@id\":\"https:\\\/\\\/brikar.net\\\/boutique\\\/#website\",\"url\":\"https:\\\/\\\/brikar.net\\\/boutique\\\/\",\"name\":\"Brikar.net\",\"description\":\"\",\"publisher\":{\"@id\":\"https:\\\/\\\/brikar.net\\\/boutique\\\/#organization\"},\"potentialAction\":[{\"@type\":\"SearchAction\",\"target\":{\"@type\":\"EntryPoint\",\"urlTemplate\":\"https:\\\/\\\/brikar.net\\\/boutique\\\/?s={search_term_string}\"},\"query-input\":{\"@type\":\"PropertyValueSpecification\",\"valueRequired\":true,\"valueName\":\"search_term_string\"}}],\"inLanguage\":\"fr-FR\"},{\"@type\":\"Organization\",\"@id\":\"https:\\\/\\\/brikar.net\\\/boutique\\\/#organization\",\"name\":\"Brikar.net\",\"url\":\"https:\\\/\\\/brikar.net\\\/boutique\\\/\",\"logo\":{\"@type\":\"ImageObject\",\"inLanguage\":\"fr-FR\",\"@id\":\"https:\\\/\\\/brikar.net\\\/boutique\\\/#\\\/schema\\\/logo\\\/image\\\/\",\"url\":\"https:\\\/\\\/brikar.net\\\/boutique\\\/wp-content\\\/uploads\\\/2026\\\/04\\\/logo-brikar200.png\",\"contentUrl\":\"https:\\\/\\\/brikar.net\\\/boutique\\\/wp-content\\\/uploads\\\/2026\\\/04\\\/logo-brikar200.png\",\"width\":200,\"height\":168,\"caption\":\"Brikar.net\"},\"image\":{\"@id\":\"https:\\\/\\\/brikar.net\\\/boutique\\\/#\\\/schema\\\/logo\\\/image\\\/\"},\"sameAs\":[\"https:\\\/\\\/www.facebook.com\\\/BrikarArtisans\"]}]}<\/script>\n<!-- \/ Yoast SEO plugin. -->","yoast_head_json":{"title":"Porte-cl\u00e9s maison personnalis\u00e9 - Brikar.net","robots":{"index":"index","follow":"follow","max-snippet":"max-snippet:-1","max-image-preview":"max-image-preview:large","max-video-preview":"max-video-preview:-1"},"canonical":"https:\/\/brikar.net\/boutique\/produit\/porte-cles-maison-personnalise\/","og_locale":"fr_FR","og_type":"article","og_title":"Porte-cl\u00e9s maison personnalis\u00e9 - Brikar.net","og_description":"Les porte-cl\u00e9s personnalis\u00e9s sont le parfait comme articles promotionnels,  Offerts en petites quantit\u00e9s, ils sont id\u00e9aux pour des cadeaux uniques ou pour promouvoir une petite entreprise de mani\u00e8re distinctive.  Que ce soit avec un nom, un logo ou un dessin sp\u00e9cial, chaque porte-cl\u00e9 est un unique. Dans un monde o\u00f9 chaque d\u00e9tail compte, ces petits objets deviennent des souvenirs m\u00e9morables, marquant les esprits avec leur singularit\u00e9.  Nous dessinons votre mod\u00e8le aussi.  pour une information encoyer votre logo ou texte \u00e0 commande@brikar.net","og_url":"https:\/\/brikar.net\/boutique\/produit\/porte-cles-maison-personnalise\/","og_site_name":"Brikar.net","article_publisher":"https:\/\/www.facebook.com\/BrikarArtisans","article_modified_time":"2026-04-08T14:11:40+00:00","og_image":[{"width":200,"height":168,"url":"https:\/\/brikar.net\/boutique\/wp-content\/uploads\/2026\/04\/logo-brikar200.png","type":"image\/png"}],"twitter_card":"summary_large_image","schema":{"@context":"https:\/\/schema.org","@graph":[{"@type":"WebPage","@id":"https:\/\/brikar.net\/boutique\/produit\/porte-cles-maison-personnalise\/","url":"https:\/\/brikar.net\/boutique\/produit\/porte-cles-maison-personnalise\/","name":"Porte-cl\u00e9s maison personnalis\u00e9 - Brikar.net","isPartOf":{"@id":"https:\/\/brikar.net\/boutique\/#website"},"primaryImageOfPage":{"@id":"https:\/\/brikar.net\/boutique\/produit\/porte-cles-maison-personnalise\/#primaryimage"},"image":{"@id":"https:\/\/brikar.net\/boutique\/produit\/porte-cles-maison-personnalise\/#primaryimage"},"thumbnailUrl":"https:\/\/brikar.net\/boutique\/wp-content\/uploads\/2026\/04\/LAS25004-maison.webp","datePublished":"2026-04-08T14:10:44+00:00","dateModified":"2026-04-08T14:11:40+00:00","breadcrumb":{"@id":"https:\/\/brikar.net\/boutique\/produit\/porte-cles-maison-personnalise\/#breadcrumb"},"inLanguage":"fr-FR","potentialAction":[{"@type":"ReadAction","target":["https:\/\/brikar.net\/boutique\/produit\/porte-cles-maison-personnalise\/"]}]},{"@type":"ImageObject","inLanguage":"fr-FR","@id":"https:\/\/brikar.net\/boutique\/produit\/porte-cles-maison-personnalise\/#primaryimage","url":"https:\/\/brikar.net\/boutique\/wp-content\/uploads\/2026\/04\/LAS25004-maison.webp","contentUrl":"https:\/\/brikar.net\/boutique\/wp-content\/uploads\/2026\/04\/LAS25004-maison.webp","width":800,"height":800},{"@type":"BreadcrumbList","@id":"https:\/\/brikar.net\/boutique\/produit\/porte-cles-maison-personnalise\/#breadcrumb","itemListElement":[{"@type":"ListItem","position":1,"name":"Accueil","item":"https:\/\/brikar.net\/boutique\/"},{"@type":"ListItem","position":2,"name":"Boutique","item":"https:\/\/brikar.net\/boutique\/boutique\/"},{"@type":"ListItem","position":3,"name":"Porte-cl\u00e9s maison personnalis\u00e9"}]},{"@type":"WebSite","@id":"https:\/\/brikar.net\/boutique\/#website","url":"https:\/\/brikar.net\/boutique\/","name":"Brikar.net","description":"","publisher":{"@id":"https:\/\/brikar.net\/boutique\/#organization"},"potentialAction":[{"@type":"SearchAction","target":{"@type":"EntryPoint","urlTemplate":"https:\/\/brikar.net\/boutique\/?s={search_term_string}"},"query-input":{"@type":"PropertyValueSpecification","valueRequired":true,"valueName":"search_term_string"}}],"inLanguage":"fr-FR"},{"@type":"Organization","@id":"https:\/\/brikar.net\/boutique\/#organization","name":"Brikar.net","url":"https:\/\/brikar.net\/boutique\/","logo":{"@type":"ImageObject","inLanguage":"fr-FR","@id":"https:\/\/brikar.net\/boutique\/#\/schema\/logo\/image\/","url":"https:\/\/brikar.net\/boutique\/wp-content\/uploads\/2026\/04\/logo-brikar200.png","contentUrl":"https:\/\/brikar.net\/boutique\/wp-content\/uploads\/2026\/04\/logo-brikar200.png","width":200,"height":168,"caption":"Brikar.net"},"image":{"@id":"https:\/\/brikar.net\/boutique\/#\/schema\/logo\/image\/"},"sameAs":["https:\/\/www.facebook.com\/BrikarArtisans"]}]}},"jetpack_sharing_enabled":true,"_links":{"self":[{"href":"https:\/\/brikar.net\/boutique\/wp-json\/wp\/v2\/product\/166","targetHints":{"allow":["GET"]}}],"collection":[{"href":"https:\/\/brikar.net\/boutique\/wp-json\/wp\/v2\/product"}],"about":[{"href":"https:\/\/brikar.net\/boutique\/wp-json\/wp\/v2\/types\/product"}],"replies":[{"embeddable":true,"href":"https:\/\/brikar.net\/boutique\/wp-json\/wp\/v2\/comments?post=166"}],"wp:featuredmedia":[{"embeddable":true,"href":"https:\/\/brikar.net\/boutique\/wp-json\/wp\/v2\/media\/199"}],"wp:attachment":[{"href":"https:\/\/brikar.net\/boutique\/wp-json\/wp\/v2\/media?parent=166"}],"wp:term":[{"taxonomy":"product_brand","embeddable":true,"href":"https:\/\/brikar.net\/boutique\/wp-json\/wp\/v2\/product_brand?post=166"},{"taxonomy":"product_cat","embeddable":true,"href":"https:\/\/brikar.net\/boutique\/wp-json\/wp\/v2\/product_cat?post=166"},{"taxonomy":"product_tag","embeddable":true,"href":"https:\/\/brikar.net\/boutique\/wp-json\/wp\/v2\/product_tag?post=166"}],"curies":[{"name":"wp","href":"https:\/\/api.w.org\/{rel}","templated":true}]}}