{"id":174,"date":"2026-04-08T14:10:45","date_gmt":"2026-04-08T14:10:45","guid":{"rendered":"https:\/\/brikar.net\/boutique\/?post_type=product&#038;p=174"},"modified":"2026-04-11T11:15:35","modified_gmt":"2026-04-11T11:15:35","slug":"ecusson-personnalise","status":"publish","type":"product","link":"https:\/\/brikar.net\/boutique\/produit\/ecusson-personnalise\/","title":{"rendered":"Ecusson personnalis\u00e9"},"content":{"rendered":"<p>CODE: LAS25007-00<\/p>\n<p>\u00c9cussons est fabriqu\u00e9 en cuir synth\u00e9tique et dispose d&rsquo;un adh\u00e9sif thermofusible \u00e0 basse temp\u00e9rature sur le dos. Il doit \u00eatre utilis\u00e9 avec une presse \u00e0 chaud ou un fer \u00e0 repasser. La temp\u00e9rature recommand\u00e9e est de 132 \u00b0C.<\/p>\n<ul>\n<li>Nous appliquons la gravure au laser gratuitement sur les patchs en similicuir.<\/li>\n<li>Id\u00e9al pour chapeaux, casquettes, v\u00eatements, sacs \u00e0 dos .<\/li>\n<li>Offert en 3 formats<\/li>\n<li>Envoy\u00e9 image ou texte \u00e0<strong> <a href=\"mailto:commande@brikar.net\">commande@brikar.net<\/a><\/strong><\/li>\n<\/ul>\n","protected":false},"excerpt":{"rendered":"<p>\u00c9cussons est fabriqu\u00e9 en cuir synth\u00e9tique et dispose d&rsquo;un adh\u00e9sif thermofusible \u00e0 basse temp\u00e9rature sur le dos. Il doit \u00eatre utilis\u00e9 avec une presse \u00e0 chaud ou un fer \u00e0 repasser. La temp\u00e9rature recommand\u00e9e est de 132 \u00b0C.<\/p>\n<ul>\n<li>Nous appliquons la gravure au laser gratuitement sur les patchs en similicuir.<\/li>\n<li>Id\u00e9al pour chapeaux, casquettes, v\u00eatements, sacs \u00e0 dos .<\/li>\n<li>Offert en 3 formats<\/li>\n<li><strong>Livraison grauite pour ce produit code promo: LG<\/strong><\/li>\n<\/ul>\n","protected":false},"featured_media":211,"comment_status":"open","ping_status":"closed","template":"","meta":[],"product_brand":[],"product_cat":[37],"product_tag":[48],"class_list":{"0":"post-174","1":"product","2":"type-product","3":"status-publish","4":"has-post-thumbnail","6":"product_cat-divers","7":"product_tag-ecusson","8":"product_shipping_class-livraison-gratuite","10":"first","11":"instock","12":"taxable","13":"shipping-taxable","14":"purchasable","15":"product-type-variable","16":"has-default-attributes"},"yoast_head":"<!-- This site is optimized with the Yoast SEO plugin v27.4 - https:\/\/yoast.com\/product\/yoast-seo-wordpress\/ -->\n<title>Ecusson personnalis\u00e9 - Brikar.net<\/title>\n<meta name=\"robots\" content=\"index, follow, max-snippet:-1, max-image-preview:large, max-video-preview:-1\" \/>\n<link rel=\"canonical\" href=\"https:\/\/brikar.net\/boutique\/produit\/ecusson-personnalise\/\" \/>\n<meta property=\"og:locale\" content=\"fr_FR\" \/>\n<meta property=\"og:type\" content=\"article\" \/>\n<meta property=\"og:title\" content=\"Ecusson personnalis\u00e9 - Brikar.net\" \/>\n<meta property=\"og:description\" content=\"\u00c9cussons est fabriqu\u00e9 en cuir synth\u00e9tique et dispose d&#039;un adh\u00e9sif thermofusible \u00e0 basse temp\u00e9rature sur le dos. Il doit \u00eatre utilis\u00e9 avec une presse \u00e0 chaud ou un fer \u00e0 repasser. La temp\u00e9rature recommand\u00e9e est de 132 \u00b0C.   Nous appliquons la gravure au laser gratuitement sur les patchs en similicuir.  Id\u00e9al pour chapeaux, casquettes, v\u00eatements, sacs \u00e0 dos .  Offert en 3 formats  Livraison grauite pour ce produit code promo: LG\" \/>\n<meta property=\"og:url\" content=\"https:\/\/brikar.net\/boutique\/produit\/ecusson-personnalise\/\" \/>\n<meta property=\"og:site_name\" content=\"Brikar.net\" \/>\n<meta property=\"article:publisher\" content=\"https:\/\/www.facebook.com\/BrikarArtisans\" \/>\n<meta property=\"article:modified_time\" content=\"2026-04-11T11:15:35+00:00\" \/>\n<meta property=\"og:image\" content=\"https:\/\/brikar.net\/boutique\/wp-content\/uploads\/2026\/04\/logo-brikar200.png\" \/>\n\t<meta property=\"og:image:width\" content=\"200\" \/>\n\t<meta property=\"og:image:height\" content=\"168\" \/>\n\t<meta property=\"og:image:type\" content=\"image\/png\" \/>\n<meta name=\"twitter:card\" content=\"summary_large_image\" \/>\n<script type=\"application\/ld+json\" class=\"yoast-schema-graph\">{\"@context\":\"https:\\\/\\\/schema.org\",\"@graph\":[{\"@type\":\"WebPage\",\"@id\":\"https:\\\/\\\/brikar.net\\\/boutique\\\/produit\\\/ecusson-personnalise\\\/\",\"url\":\"https:\\\/\\\/brikar.net\\\/boutique\\\/produit\\\/ecusson-personnalise\\\/\",\"name\":\"Ecusson personnalis\u00e9 - Brikar.net\",\"isPartOf\":{\"@id\":\"https:\\\/\\\/brikar.net\\\/boutique\\\/#website\"},\"primaryImageOfPage\":{\"@id\":\"https:\\\/\\\/brikar.net\\\/boutique\\\/produit\\\/ecusson-personnalise\\\/#primaryimage\"},\"image\":{\"@id\":\"https:\\\/\\\/brikar.net\\\/boutique\\\/produit\\\/ecusson-personnalise\\\/#primaryimage\"},\"thumbnailUrl\":\"https:\\\/\\\/brikar.net\\\/boutique\\\/wp-content\\\/uploads\\\/2026\\\/04\\\/LAS25007-00.webp\",\"datePublished\":\"2026-04-08T14:10:45+00:00\",\"dateModified\":\"2026-04-11T11:15:35+00:00\",\"breadcrumb\":{\"@id\":\"https:\\\/\\\/brikar.net\\\/boutique\\\/produit\\\/ecusson-personnalise\\\/#breadcrumb\"},\"inLanguage\":\"fr-FR\",\"potentialAction\":[{\"@type\":\"ReadAction\",\"target\":[\"https:\\\/\\\/brikar.net\\\/boutique\\\/produit\\\/ecusson-personnalise\\\/\"]}]},{\"@type\":\"ImageObject\",\"inLanguage\":\"fr-FR\",\"@id\":\"https:\\\/\\\/brikar.net\\\/boutique\\\/produit\\\/ecusson-personnalise\\\/#primaryimage\",\"url\":\"https:\\\/\\\/brikar.net\\\/boutique\\\/wp-content\\\/uploads\\\/2026\\\/04\\\/LAS25007-00.webp\",\"contentUrl\":\"https:\\\/\\\/brikar.net\\\/boutique\\\/wp-content\\\/uploads\\\/2026\\\/04\\\/LAS25007-00.webp\",\"width\":800,\"height\":800},{\"@type\":\"BreadcrumbList\",\"@id\":\"https:\\\/\\\/brikar.net\\\/boutique\\\/produit\\\/ecusson-personnalise\\\/#breadcrumb\",\"itemListElement\":[{\"@type\":\"ListItem\",\"position\":1,\"name\":\"Accueil\",\"item\":\"https:\\\/\\\/brikar.net\\\/boutique\\\/\"},{\"@type\":\"ListItem\",\"position\":2,\"name\":\"Boutique\",\"item\":\"https:\\\/\\\/brikar.net\\\/boutique\\\/boutique\\\/\"},{\"@type\":\"ListItem\",\"position\":3,\"name\":\"Ecusson personnalis\u00e9\"}]},{\"@type\":\"WebSite\",\"@id\":\"https:\\\/\\\/brikar.net\\\/boutique\\\/#website\",\"url\":\"https:\\\/\\\/brikar.net\\\/boutique\\\/\",\"name\":\"Brikar.net\",\"description\":\"\",\"publisher\":{\"@id\":\"https:\\\/\\\/brikar.net\\\/boutique\\\/#organization\"},\"potentialAction\":[{\"@type\":\"SearchAction\",\"target\":{\"@type\":\"EntryPoint\",\"urlTemplate\":\"https:\\\/\\\/brikar.net\\\/boutique\\\/?s={search_term_string}\"},\"query-input\":{\"@type\":\"PropertyValueSpecification\",\"valueRequired\":true,\"valueName\":\"search_term_string\"}}],\"inLanguage\":\"fr-FR\"},{\"@type\":\"Organization\",\"@id\":\"https:\\\/\\\/brikar.net\\\/boutique\\\/#organization\",\"name\":\"Brikar.net\",\"url\":\"https:\\\/\\\/brikar.net\\\/boutique\\\/\",\"logo\":{\"@type\":\"ImageObject\",\"inLanguage\":\"fr-FR\",\"@id\":\"https:\\\/\\\/brikar.net\\\/boutique\\\/#\\\/schema\\\/logo\\\/image\\\/\",\"url\":\"https:\\\/\\\/brikar.net\\\/boutique\\\/wp-content\\\/uploads\\\/2026\\\/04\\\/logo-brikar200.png\",\"contentUrl\":\"https:\\\/\\\/brikar.net\\\/boutique\\\/wp-content\\\/uploads\\\/2026\\\/04\\\/logo-brikar200.png\",\"width\":200,\"height\":168,\"caption\":\"Brikar.net\"},\"image\":{\"@id\":\"https:\\\/\\\/brikar.net\\\/boutique\\\/#\\\/schema\\\/logo\\\/image\\\/\"},\"sameAs\":[\"https:\\\/\\\/www.facebook.com\\\/BrikarArtisans\"]}]}<\/script>\n<!-- \/ Yoast SEO plugin. -->","yoast_head_json":{"title":"Ecusson personnalis\u00e9 - Brikar.net","robots":{"index":"index","follow":"follow","max-snippet":"max-snippet:-1","max-image-preview":"max-image-preview:large","max-video-preview":"max-video-preview:-1"},"canonical":"https:\/\/brikar.net\/boutique\/produit\/ecusson-personnalise\/","og_locale":"fr_FR","og_type":"article","og_title":"Ecusson personnalis\u00e9 - Brikar.net","og_description":"\u00c9cussons est fabriqu\u00e9 en cuir synth\u00e9tique et dispose d'un adh\u00e9sif thermofusible \u00e0 basse temp\u00e9rature sur le dos. Il doit \u00eatre utilis\u00e9 avec une presse \u00e0 chaud ou un fer \u00e0 repasser. La temp\u00e9rature recommand\u00e9e est de 132 \u00b0C.   Nous appliquons la gravure au laser gratuitement sur les patchs en similicuir.  Id\u00e9al pour chapeaux, casquettes, v\u00eatements, sacs \u00e0 dos .  Offert en 3 formats  Livraison grauite pour ce produit code promo: LG","og_url":"https:\/\/brikar.net\/boutique\/produit\/ecusson-personnalise\/","og_site_name":"Brikar.net","article_publisher":"https:\/\/www.facebook.com\/BrikarArtisans","article_modified_time":"2026-04-11T11:15:35+00:00","og_image":[{"width":200,"height":168,"url":"https:\/\/brikar.net\/boutique\/wp-content\/uploads\/2026\/04\/logo-brikar200.png","type":"image\/png"}],"twitter_card":"summary_large_image","schema":{"@context":"https:\/\/schema.org","@graph":[{"@type":"WebPage","@id":"https:\/\/brikar.net\/boutique\/produit\/ecusson-personnalise\/","url":"https:\/\/brikar.net\/boutique\/produit\/ecusson-personnalise\/","name":"Ecusson personnalis\u00e9 - Brikar.net","isPartOf":{"@id":"https:\/\/brikar.net\/boutique\/#website"},"primaryImageOfPage":{"@id":"https:\/\/brikar.net\/boutique\/produit\/ecusson-personnalise\/#primaryimage"},"image":{"@id":"https:\/\/brikar.net\/boutique\/produit\/ecusson-personnalise\/#primaryimage"},"thumbnailUrl":"https:\/\/brikar.net\/boutique\/wp-content\/uploads\/2026\/04\/LAS25007-00.webp","datePublished":"2026-04-08T14:10:45+00:00","dateModified":"2026-04-11T11:15:35+00:00","breadcrumb":{"@id":"https:\/\/brikar.net\/boutique\/produit\/ecusson-personnalise\/#breadcrumb"},"inLanguage":"fr-FR","potentialAction":[{"@type":"ReadAction","target":["https:\/\/brikar.net\/boutique\/produit\/ecusson-personnalise\/"]}]},{"@type":"ImageObject","inLanguage":"fr-FR","@id":"https:\/\/brikar.net\/boutique\/produit\/ecusson-personnalise\/#primaryimage","url":"https:\/\/brikar.net\/boutique\/wp-content\/uploads\/2026\/04\/LAS25007-00.webp","contentUrl":"https:\/\/brikar.net\/boutique\/wp-content\/uploads\/2026\/04\/LAS25007-00.webp","width":800,"height":800},{"@type":"BreadcrumbList","@id":"https:\/\/brikar.net\/boutique\/produit\/ecusson-personnalise\/#breadcrumb","itemListElement":[{"@type":"ListItem","position":1,"name":"Accueil","item":"https:\/\/brikar.net\/boutique\/"},{"@type":"ListItem","position":2,"name":"Boutique","item":"https:\/\/brikar.net\/boutique\/boutique\/"},{"@type":"ListItem","position":3,"name":"Ecusson personnalis\u00e9"}]},{"@type":"WebSite","@id":"https:\/\/brikar.net\/boutique\/#website","url":"https:\/\/brikar.net\/boutique\/","name":"Brikar.net","description":"","publisher":{"@id":"https:\/\/brikar.net\/boutique\/#organization"},"potentialAction":[{"@type":"SearchAction","target":{"@type":"EntryPoint","urlTemplate":"https:\/\/brikar.net\/boutique\/?s={search_term_string}"},"query-input":{"@type":"PropertyValueSpecification","valueRequired":true,"valueName":"search_term_string"}}],"inLanguage":"fr-FR"},{"@type":"Organization","@id":"https:\/\/brikar.net\/boutique\/#organization","name":"Brikar.net","url":"https:\/\/brikar.net\/boutique\/","logo":{"@type":"ImageObject","inLanguage":"fr-FR","@id":"https:\/\/brikar.net\/boutique\/#\/schema\/logo\/image\/","url":"https:\/\/brikar.net\/boutique\/wp-content\/uploads\/2026\/04\/logo-brikar200.png","contentUrl":"https:\/\/brikar.net\/boutique\/wp-content\/uploads\/2026\/04\/logo-brikar200.png","width":200,"height":168,"caption":"Brikar.net"},"image":{"@id":"https:\/\/brikar.net\/boutique\/#\/schema\/logo\/image\/"},"sameAs":["https:\/\/www.facebook.com\/BrikarArtisans"]}]}},"jetpack_sharing_enabled":true,"_links":{"self":[{"href":"https:\/\/brikar.net\/boutique\/wp-json\/wp\/v2\/product\/174","targetHints":{"allow":["GET"]}}],"collection":[{"href":"https:\/\/brikar.net\/boutique\/wp-json\/wp\/v2\/product"}],"about":[{"href":"https:\/\/brikar.net\/boutique\/wp-json\/wp\/v2\/types\/product"}],"replies":[{"embeddable":true,"href":"https:\/\/brikar.net\/boutique\/wp-json\/wp\/v2\/comments?post=174"}],"wp:featuredmedia":[{"embeddable":true,"href":"https:\/\/brikar.net\/boutique\/wp-json\/wp\/v2\/media\/211"}],"wp:attachment":[{"href":"https:\/\/brikar.net\/boutique\/wp-json\/wp\/v2\/media?parent=174"}],"wp:term":[{"taxonomy":"product_brand","embeddable":true,"href":"https:\/\/brikar.net\/boutique\/wp-json\/wp\/v2\/product_brand?post=174"},{"taxonomy":"product_cat","embeddable":true,"href":"https:\/\/brikar.net\/boutique\/wp-json\/wp\/v2\/product_cat?post=174"},{"taxonomy":"product_tag","embeddable":true,"href":"https:\/\/brikar.net\/boutique\/wp-json\/wp\/v2\/product_tag?post=174"}],"curies":[{"name":"wp","href":"https:\/\/api.w.org\/{rel}","templated":true}]}}