{"id":178,"date":"2026-04-08T14:10:45","date_gmt":"2026-04-08T14:10:45","guid":{"rendered":"https:\/\/brikar.net\/boutique\/?post_type=product&#038;p=178"},"modified":"2026-04-15T17:23:06","modified_gmt":"2026-04-15T17:23:06","slug":"support-a-capsule-keurig","status":"publish","type":"product","link":"https:\/\/brikar.net\/boutique\/produit\/support-a-capsule-keurig\/","title":{"rendered":"Support \u00e0 capsule Keurig"},"content":{"rendered":"<p>CODE: LAS25008-01<\/p>\n<p>D\u00e9couvrez notre derni\u00e8re innovation\u202f:<strong> le support \u00e0 4 capsules Keurig personnalis\u00e9<\/strong>\u00a0 avec le design de tasse en haut, qui allie esth\u00e9tique et praticit\u00e9\u202f! Fabriqu\u00e9 avec un design \u00e9l\u00e9gant et moderne, ce support est id\u00e9al pour organiser vos capsules de caf\u00e9 tout en ajoutant une touche unique \u00e0 votre espace.<\/p>\n<p>Ce produit personnalisable vous permet d&rsquo;explorer votre cr\u00e9ativit\u00e9 en choisissant des gravures pour refl\u00e9ter votre style personnel. Parfait pour les amateurs de caf\u00e9 et les entreprises qui souhaitent afficher leur logo de mani\u00e8re originale\u202f!<\/p>\n<p>Profitez d\u00e8s maintenant d\u2019une solution ing\u00e9nieuse pour garder vos capsules \u00e0 port\u00e9e de main, tout en embellissant votre cuisine ou bureau. Faites de chaque pause caf\u00e9 un moment sp\u00e9cial avec notre support unique con\u00e7u juste pour vous\u202f!<\/p>\n<p>&nbsp;<\/p>\n<p>Montage gratuit ,envoyer texte ou\u00a0 image \u00e0 <a href=\"mailto:commande@brikar.net\">commande@brikar.net<\/a><\/p>\n","protected":false},"excerpt":{"rendered":"<p>D\u00e9couvrez notre derni\u00e8re innovation\u202f:<strong> le support \u00e0 4 capsules Keurig personnalis\u00e9<\/strong> qui allie esth\u00e9tique et praticit\u00e9\u202f! Fabriqu\u00e9 avec un design \u00e9l\u00e9gant et moderne, ce support est id\u00e9al pour organiser vos capsules de caf\u00e9 tout en ajoutant une touche unique \u00e0 votre espace.<\/p>\n<p>Ce produit personnalisable vous permet d&rsquo;explorer votre cr\u00e9ativit\u00e9 en choisissant des gravures pour refl\u00e9ter votre style personnel. Parfait pour les amateurs de caf\u00e9 et les entreprises qui souhaitent afficher leur logo de mani\u00e8re originale\u202f!<\/p>\n<p>Profitez d\u00e8s maintenant d\u2019une solution ing\u00e9nieuse pour garder vos capsules \u00e0 port\u00e9e de main, tout en embellissant votre cuisine ou bureau. Faites de chaque pause caf\u00e9 un moment sp\u00e9cial avec notre support unique con\u00e7u juste pour vous\u202f!<\/p>\n","protected":false},"featured_media":572,"comment_status":"open","ping_status":"closed","template":"","meta":[],"product_brand":[],"product_cat":[18,15],"product_tag":[49],"class_list":{"0":"post-178","1":"product","2":"type-product","3":"status-publish","4":"has-post-thumbnail","6":"product_cat-cuisine","7":"product_cat-dernier-produit","8":"product_tag-support-a-capsules-keurig","9":"product_shipping_class-colis","11":"first","12":"instock","13":"taxable","14":"shipping-taxable","15":"purchasable","16":"product-type-simple"},"yoast_head":"<!-- This site is optimized with the Yoast SEO plugin v27.4 - https:\/\/yoast.com\/product\/yoast-seo-wordpress\/ -->\n<title>Support \u00e0 capsule Keurig - Brikar.net<\/title>\n<meta name=\"description\" content=\"Le support \u00e0 4 capsules Keurig personnalis\u00e9 avec le design de tasse en haut, qui allie esth\u00e9tique et praticit\u00e9\u202f! Fabriqu\u00e9 au Qu\u00e9bec.\" \/>\n<meta name=\"robots\" content=\"index, follow, max-snippet:-1, max-image-preview:large, max-video-preview:-1\" \/>\n<link rel=\"canonical\" href=\"https:\/\/brikar.net\/boutique\/produit\/support-a-capsule-keurig\/\" \/>\n<meta property=\"og:locale\" content=\"fr_FR\" \/>\n<meta property=\"og:type\" content=\"article\" \/>\n<meta property=\"og:title\" content=\"Support \u00e0 capsule Keurig - Brikar.net\" \/>\n<meta property=\"og:description\" content=\"Le support \u00e0 4 capsules Keurig personnalis\u00e9 avec le design de tasse en haut, qui allie esth\u00e9tique et praticit\u00e9\u202f! Fabriqu\u00e9 au Qu\u00e9bec.\" \/>\n<meta property=\"og:url\" content=\"https:\/\/brikar.net\/boutique\/produit\/support-a-capsule-keurig\/\" \/>\n<meta property=\"og:site_name\" content=\"Brikar.net\" \/>\n<meta property=\"article:publisher\" content=\"https:\/\/www.facebook.com\/BrikarArtisans\" \/>\n<meta property=\"article:modified_time\" content=\"2026-04-15T17:23:06+00:00\" \/>\n<meta property=\"og:image\" content=\"https:\/\/brikar.net\/boutique\/wp-content\/uploads\/2026\/04\/LAS25008-01B.jpg\" \/>\n\t<meta property=\"og:image:width\" content=\"2400\" \/>\n\t<meta property=\"og:image:height\" content=\"2400\" \/>\n\t<meta property=\"og:image:type\" content=\"image\/jpeg\" \/>\n<meta name=\"twitter:card\" content=\"summary_large_image\" \/>\n<meta name=\"twitter:label1\" content=\"Dur\u00e9e de lecture estim\u00e9e\" \/>\n\t<meta name=\"twitter:data1\" content=\"1 minute\" \/>\n<script type=\"application\/ld+json\" class=\"yoast-schema-graph\">{\"@context\":\"https:\\\/\\\/schema.org\",\"@graph\":[{\"@type\":\"WebPage\",\"@id\":\"https:\\\/\\\/brikar.net\\\/boutique\\\/produit\\\/support-a-capsule-keurig\\\/\",\"url\":\"https:\\\/\\\/brikar.net\\\/boutique\\\/produit\\\/support-a-capsule-keurig\\\/\",\"name\":\"Support \u00e0 capsule Keurig - Brikar.net\",\"isPartOf\":{\"@id\":\"https:\\\/\\\/brikar.net\\\/boutique\\\/#website\"},\"primaryImageOfPage\":{\"@id\":\"https:\\\/\\\/brikar.net\\\/boutique\\\/produit\\\/support-a-capsule-keurig\\\/#primaryimage\"},\"image\":{\"@id\":\"https:\\\/\\\/brikar.net\\\/boutique\\\/produit\\\/support-a-capsule-keurig\\\/#primaryimage\"},\"thumbnailUrl\":\"https:\\\/\\\/brikar.net\\\/boutique\\\/wp-content\\\/uploads\\\/2026\\\/04\\\/LAS25008-01B.jpg\",\"datePublished\":\"2026-04-08T14:10:45+00:00\",\"dateModified\":\"2026-04-15T17:23:06+00:00\",\"description\":\"Le support \u00e0 4 capsules Keurig personnalis\u00e9 avec le design de tasse en haut, qui allie esth\u00e9tique et praticit\u00e9\u202f! Fabriqu\u00e9 au Qu\u00e9bec.\",\"breadcrumb\":{\"@id\":\"https:\\\/\\\/brikar.net\\\/boutique\\\/produit\\\/support-a-capsule-keurig\\\/#breadcrumb\"},\"inLanguage\":\"fr-FR\",\"potentialAction\":[{\"@type\":\"ReadAction\",\"target\":[\"https:\\\/\\\/brikar.net\\\/boutique\\\/produit\\\/support-a-capsule-keurig\\\/\"]}]},{\"@type\":\"ImageObject\",\"inLanguage\":\"fr-FR\",\"@id\":\"https:\\\/\\\/brikar.net\\\/boutique\\\/produit\\\/support-a-capsule-keurig\\\/#primaryimage\",\"url\":\"https:\\\/\\\/brikar.net\\\/boutique\\\/wp-content\\\/uploads\\\/2026\\\/04\\\/LAS25008-01B.jpg\",\"contentUrl\":\"https:\\\/\\\/brikar.net\\\/boutique\\\/wp-content\\\/uploads\\\/2026\\\/04\\\/LAS25008-01B.jpg\",\"width\":2400,\"height\":2400},{\"@type\":\"BreadcrumbList\",\"@id\":\"https:\\\/\\\/brikar.net\\\/boutique\\\/produit\\\/support-a-capsule-keurig\\\/#breadcrumb\",\"itemListElement\":[{\"@type\":\"ListItem\",\"position\":1,\"name\":\"Accueil\",\"item\":\"https:\\\/\\\/brikar.net\\\/boutique\\\/\"},{\"@type\":\"ListItem\",\"position\":2,\"name\":\"Boutique\",\"item\":\"https:\\\/\\\/brikar.net\\\/boutique\\\/boutique\\\/\"},{\"@type\":\"ListItem\",\"position\":3,\"name\":\"Support \u00e0 capsule Keurig\"}]},{\"@type\":\"WebSite\",\"@id\":\"https:\\\/\\\/brikar.net\\\/boutique\\\/#website\",\"url\":\"https:\\\/\\\/brikar.net\\\/boutique\\\/\",\"name\":\"Brikar.net\",\"description\":\"\",\"publisher\":{\"@id\":\"https:\\\/\\\/brikar.net\\\/boutique\\\/#organization\"},\"potentialAction\":[{\"@type\":\"SearchAction\",\"target\":{\"@type\":\"EntryPoint\",\"urlTemplate\":\"https:\\\/\\\/brikar.net\\\/boutique\\\/?s={search_term_string}\"},\"query-input\":{\"@type\":\"PropertyValueSpecification\",\"valueRequired\":true,\"valueName\":\"search_term_string\"}}],\"inLanguage\":\"fr-FR\"},{\"@type\":\"Organization\",\"@id\":\"https:\\\/\\\/brikar.net\\\/boutique\\\/#organization\",\"name\":\"Brikar.net\",\"url\":\"https:\\\/\\\/brikar.net\\\/boutique\\\/\",\"logo\":{\"@type\":\"ImageObject\",\"inLanguage\":\"fr-FR\",\"@id\":\"https:\\\/\\\/brikar.net\\\/boutique\\\/#\\\/schema\\\/logo\\\/image\\\/\",\"url\":\"https:\\\/\\\/brikar.net\\\/boutique\\\/wp-content\\\/uploads\\\/2026\\\/04\\\/logo-brikar200.png\",\"contentUrl\":\"https:\\\/\\\/brikar.net\\\/boutique\\\/wp-content\\\/uploads\\\/2026\\\/04\\\/logo-brikar200.png\",\"width\":200,\"height\":168,\"caption\":\"Brikar.net\"},\"image\":{\"@id\":\"https:\\\/\\\/brikar.net\\\/boutique\\\/#\\\/schema\\\/logo\\\/image\\\/\"},\"sameAs\":[\"https:\\\/\\\/www.facebook.com\\\/BrikarArtisans\"]}]}<\/script>\n<!-- \/ Yoast SEO plugin. -->","yoast_head_json":{"title":"Support \u00e0 capsule Keurig - Brikar.net","description":"Le support \u00e0 4 capsules Keurig personnalis\u00e9 avec le design de tasse en haut, qui allie esth\u00e9tique et praticit\u00e9\u202f! Fabriqu\u00e9 au Qu\u00e9bec.","robots":{"index":"index","follow":"follow","max-snippet":"max-snippet:-1","max-image-preview":"max-image-preview:large","max-video-preview":"max-video-preview:-1"},"canonical":"https:\/\/brikar.net\/boutique\/produit\/support-a-capsule-keurig\/","og_locale":"fr_FR","og_type":"article","og_title":"Support \u00e0 capsule Keurig - Brikar.net","og_description":"Le support \u00e0 4 capsules Keurig personnalis\u00e9 avec le design de tasse en haut, qui allie esth\u00e9tique et praticit\u00e9\u202f! Fabriqu\u00e9 au Qu\u00e9bec.","og_url":"https:\/\/brikar.net\/boutique\/produit\/support-a-capsule-keurig\/","og_site_name":"Brikar.net","article_publisher":"https:\/\/www.facebook.com\/BrikarArtisans","article_modified_time":"2026-04-15T17:23:06+00:00","og_image":[{"width":2400,"height":2400,"url":"https:\/\/brikar.net\/boutique\/wp-content\/uploads\/2026\/04\/LAS25008-01B.jpg","type":"image\/jpeg"}],"twitter_card":"summary_large_image","twitter_misc":{"Dur\u00e9e de lecture estim\u00e9e":"1 minute"},"schema":{"@context":"https:\/\/schema.org","@graph":[{"@type":"WebPage","@id":"https:\/\/brikar.net\/boutique\/produit\/support-a-capsule-keurig\/","url":"https:\/\/brikar.net\/boutique\/produit\/support-a-capsule-keurig\/","name":"Support \u00e0 capsule Keurig - Brikar.net","isPartOf":{"@id":"https:\/\/brikar.net\/boutique\/#website"},"primaryImageOfPage":{"@id":"https:\/\/brikar.net\/boutique\/produit\/support-a-capsule-keurig\/#primaryimage"},"image":{"@id":"https:\/\/brikar.net\/boutique\/produit\/support-a-capsule-keurig\/#primaryimage"},"thumbnailUrl":"https:\/\/brikar.net\/boutique\/wp-content\/uploads\/2026\/04\/LAS25008-01B.jpg","datePublished":"2026-04-08T14:10:45+00:00","dateModified":"2026-04-15T17:23:06+00:00","description":"Le support \u00e0 4 capsules Keurig personnalis\u00e9 avec le design de tasse en haut, qui allie esth\u00e9tique et praticit\u00e9\u202f! Fabriqu\u00e9 au Qu\u00e9bec.","breadcrumb":{"@id":"https:\/\/brikar.net\/boutique\/produit\/support-a-capsule-keurig\/#breadcrumb"},"inLanguage":"fr-FR","potentialAction":[{"@type":"ReadAction","target":["https:\/\/brikar.net\/boutique\/produit\/support-a-capsule-keurig\/"]}]},{"@type":"ImageObject","inLanguage":"fr-FR","@id":"https:\/\/brikar.net\/boutique\/produit\/support-a-capsule-keurig\/#primaryimage","url":"https:\/\/brikar.net\/boutique\/wp-content\/uploads\/2026\/04\/LAS25008-01B.jpg","contentUrl":"https:\/\/brikar.net\/boutique\/wp-content\/uploads\/2026\/04\/LAS25008-01B.jpg","width":2400,"height":2400},{"@type":"BreadcrumbList","@id":"https:\/\/brikar.net\/boutique\/produit\/support-a-capsule-keurig\/#breadcrumb","itemListElement":[{"@type":"ListItem","position":1,"name":"Accueil","item":"https:\/\/brikar.net\/boutique\/"},{"@type":"ListItem","position":2,"name":"Boutique","item":"https:\/\/brikar.net\/boutique\/boutique\/"},{"@type":"ListItem","position":3,"name":"Support \u00e0 capsule Keurig"}]},{"@type":"WebSite","@id":"https:\/\/brikar.net\/boutique\/#website","url":"https:\/\/brikar.net\/boutique\/","name":"Brikar.net","description":"","publisher":{"@id":"https:\/\/brikar.net\/boutique\/#organization"},"potentialAction":[{"@type":"SearchAction","target":{"@type":"EntryPoint","urlTemplate":"https:\/\/brikar.net\/boutique\/?s={search_term_string}"},"query-input":{"@type":"PropertyValueSpecification","valueRequired":true,"valueName":"search_term_string"}}],"inLanguage":"fr-FR"},{"@type":"Organization","@id":"https:\/\/brikar.net\/boutique\/#organization","name":"Brikar.net","url":"https:\/\/brikar.net\/boutique\/","logo":{"@type":"ImageObject","inLanguage":"fr-FR","@id":"https:\/\/brikar.net\/boutique\/#\/schema\/logo\/image\/","url":"https:\/\/brikar.net\/boutique\/wp-content\/uploads\/2026\/04\/logo-brikar200.png","contentUrl":"https:\/\/brikar.net\/boutique\/wp-content\/uploads\/2026\/04\/logo-brikar200.png","width":200,"height":168,"caption":"Brikar.net"},"image":{"@id":"https:\/\/brikar.net\/boutique\/#\/schema\/logo\/image\/"},"sameAs":["https:\/\/www.facebook.com\/BrikarArtisans"]}]}},"jetpack_sharing_enabled":true,"_links":{"self":[{"href":"https:\/\/brikar.net\/boutique\/wp-json\/wp\/v2\/product\/178","targetHints":{"allow":["GET"]}}],"collection":[{"href":"https:\/\/brikar.net\/boutique\/wp-json\/wp\/v2\/product"}],"about":[{"href":"https:\/\/brikar.net\/boutique\/wp-json\/wp\/v2\/types\/product"}],"replies":[{"embeddable":true,"href":"https:\/\/brikar.net\/boutique\/wp-json\/wp\/v2\/comments?post=178"}],"wp:featuredmedia":[{"embeddable":true,"href":"https:\/\/brikar.net\/boutique\/wp-json\/wp\/v2\/media\/572"}],"wp:attachment":[{"href":"https:\/\/brikar.net\/boutique\/wp-json\/wp\/v2\/media?parent=178"}],"wp:term":[{"taxonomy":"product_brand","embeddable":true,"href":"https:\/\/brikar.net\/boutique\/wp-json\/wp\/v2\/product_brand?post=178"},{"taxonomy":"product_cat","embeddable":true,"href":"https:\/\/brikar.net\/boutique\/wp-json\/wp\/v2\/product_cat?post=178"},{"taxonomy":"product_tag","embeddable":true,"href":"https:\/\/brikar.net\/boutique\/wp-json\/wp\/v2\/product_tag?post=178"}],"curies":[{"name":"wp","href":"https:\/\/api.w.org\/{rel}","templated":true}]}}