{"id":179,"date":"2026-04-08T14:10:46","date_gmt":"2026-04-08T14:10:46","guid":{"rendered":"https:\/\/brikar.net\/boutique\/?post_type=product&#038;p=179"},"modified":"2026-04-11T09:53:45","modified_gmt":"2026-04-11T09:53:45","slug":"cuillere-en-bois-personnalisees","status":"publish","type":"product","link":"https:\/\/brikar.net\/boutique\/produit\/cuillere-en-bois-personnalisees\/","title":{"rendered":"Cuill\u00e8re  en bois personnalis\u00e9es"},"content":{"rendered":"<p>CODE: LAS25009<\/p>\n<p>Ajoutez une touche unique \u00e0 votre cuisine avec nos cuill\u00e8res en bois personnalis\u00e9es ! Fabriqu\u00e9es en bois et grav\u00e9es selon vos envies, elles sont parfaites pour offrir ou sublimer vos moments culinaires. Un cadeau \u00e9cologique et chic qui fait toute la diff\u00e9rence.<\/p>\n<p>Dimensions approx: 12 po long (30cm)<\/p>\n<p>Pour personnalis\u00e9\u00a0 gratuitement\u00a0 ecrire \u00e0<a href=\"mailto:commande@brikar.net\"> commande@brikar.net<\/a><\/p>\n<p>&nbsp;<\/p>\n","protected":false},"excerpt":{"rendered":"<p>Ajoutez une touche unique \u00e0 votre cuisine avec nos cuill\u00e8res en bois personnalis\u00e9es ! Fabriqu\u00e9es en bois et grav\u00e9es selon vos envies, elles sont parfaites pour offrir ou sublimer vos moments culinaires. Un cadeau \u00e9cologique et chic qui fait toute la diff\u00e9rence.<\/p>\n<p>Pour personnalis\u00e9\u00a0 ecrire \u00e0<a href=\"mailto:commande@brikar.net\"> commande@brikar.net<\/a><\/p>\n<p><strong><span style=\"color: #ff6600;\">Livraison gratuite pour ce produit code promo: LG<\/span><\/strong><\/p>\n","protected":false},"featured_media":230,"comment_status":"open","ping_status":"closed","template":"","meta":[],"product_brand":[],"product_cat":[18,46],"product_tag":[50],"class_list":{"0":"post-179","1":"product","2":"type-product","3":"status-publish","4":"has-post-thumbnail","6":"product_cat-cuisine","7":"product_cat-new","8":"product_tag-cuillere-en-bois-personnalisee","9":"product_shipping_class-livraison-gratuite","11":"first","12":"instock","13":"taxable","14":"shipping-taxable","15":"purchasable","16":"product-type-simple"},"yoast_head":"<!-- This site is optimized with the Yoast SEO plugin v27.4 - https:\/\/yoast.com\/product\/yoast-seo-wordpress\/ -->\n<title>Cuill\u00e8re en bois personnalis\u00e9es - Brikar.net<\/title>\n<meta name=\"robots\" content=\"index, follow, max-snippet:-1, max-image-preview:large, max-video-preview:-1\" \/>\n<link rel=\"canonical\" href=\"https:\/\/brikar.net\/boutique\/produit\/cuillere-en-bois-personnalisees\/\" \/>\n<meta property=\"og:locale\" content=\"fr_FR\" \/>\n<meta property=\"og:type\" content=\"article\" \/>\n<meta property=\"og:title\" content=\"Cuill\u00e8re en bois personnalis\u00e9es - Brikar.net\" \/>\n<meta property=\"og:description\" content=\"Ajoutez une touche unique \u00e0 votre cuisine avec nos cuill\u00e8res en bois personnalis\u00e9es ! Fabriqu\u00e9es en bois et grav\u00e9es selon vos envies, elles sont parfaites pour offrir ou sublimer vos moments culinaires. Un cadeau \u00e9cologique et chic qui fait toute la diff\u00e9rence.  Pour personnalis\u00e9\u00a0 ecrire \u00e0 commande@brikar.net  Livraison gratuite pour ce produit code promo: LG\" \/>\n<meta property=\"og:url\" content=\"https:\/\/brikar.net\/boutique\/produit\/cuillere-en-bois-personnalisees\/\" \/>\n<meta property=\"og:site_name\" content=\"Brikar.net\" \/>\n<meta property=\"article:publisher\" content=\"https:\/\/www.facebook.com\/BrikarArtisans\" \/>\n<meta property=\"article:modified_time\" content=\"2026-04-11T09:53:45+00:00\" \/>\n<meta property=\"og:image\" content=\"https:\/\/brikar.net\/boutique\/wp-content\/uploads\/2026\/04\/LAS25009-01.webp\" \/>\n\t<meta property=\"og:image:width\" content=\"800\" \/>\n\t<meta property=\"og:image:height\" content=\"800\" \/>\n\t<meta property=\"og:image:type\" content=\"image\/webp\" \/>\n<meta name=\"twitter:card\" content=\"summary_large_image\" \/>\n<meta name=\"twitter:label1\" content=\"Dur\u00e9e de lecture estim\u00e9e\" \/>\n\t<meta name=\"twitter:data1\" content=\"1 minute\" \/>\n<script type=\"application\/ld+json\" class=\"yoast-schema-graph\">{\"@context\":\"https:\\\/\\\/schema.org\",\"@graph\":[{\"@type\":\"WebPage\",\"@id\":\"https:\\\/\\\/brikar.net\\\/boutique\\\/produit\\\/cuillere-en-bois-personnalisees\\\/\",\"url\":\"https:\\\/\\\/brikar.net\\\/boutique\\\/produit\\\/cuillere-en-bois-personnalisees\\\/\",\"name\":\"Cuill\u00e8re en bois personnalis\u00e9es - Brikar.net\",\"isPartOf\":{\"@id\":\"https:\\\/\\\/brikar.net\\\/boutique\\\/#website\"},\"primaryImageOfPage\":{\"@id\":\"https:\\\/\\\/brikar.net\\\/boutique\\\/produit\\\/cuillere-en-bois-personnalisees\\\/#primaryimage\"},\"image\":{\"@id\":\"https:\\\/\\\/brikar.net\\\/boutique\\\/produit\\\/cuillere-en-bois-personnalisees\\\/#primaryimage\"},\"thumbnailUrl\":\"https:\\\/\\\/brikar.net\\\/boutique\\\/wp-content\\\/uploads\\\/2026\\\/04\\\/LAS25009-01.webp\",\"datePublished\":\"2026-04-08T14:10:46+00:00\",\"dateModified\":\"2026-04-11T09:53:45+00:00\",\"breadcrumb\":{\"@id\":\"https:\\\/\\\/brikar.net\\\/boutique\\\/produit\\\/cuillere-en-bois-personnalisees\\\/#breadcrumb\"},\"inLanguage\":\"fr-FR\",\"potentialAction\":[{\"@type\":\"ReadAction\",\"target\":[\"https:\\\/\\\/brikar.net\\\/boutique\\\/produit\\\/cuillere-en-bois-personnalisees\\\/\"]}]},{\"@type\":\"ImageObject\",\"inLanguage\":\"fr-FR\",\"@id\":\"https:\\\/\\\/brikar.net\\\/boutique\\\/produit\\\/cuillere-en-bois-personnalisees\\\/#primaryimage\",\"url\":\"https:\\\/\\\/brikar.net\\\/boutique\\\/wp-content\\\/uploads\\\/2026\\\/04\\\/LAS25009-01.webp\",\"contentUrl\":\"https:\\\/\\\/brikar.net\\\/boutique\\\/wp-content\\\/uploads\\\/2026\\\/04\\\/LAS25009-01.webp\",\"width\":800,\"height\":800},{\"@type\":\"BreadcrumbList\",\"@id\":\"https:\\\/\\\/brikar.net\\\/boutique\\\/produit\\\/cuillere-en-bois-personnalisees\\\/#breadcrumb\",\"itemListElement\":[{\"@type\":\"ListItem\",\"position\":1,\"name\":\"Accueil\",\"item\":\"https:\\\/\\\/brikar.net\\\/boutique\\\/\"},{\"@type\":\"ListItem\",\"position\":2,\"name\":\"Boutique\",\"item\":\"https:\\\/\\\/brikar.net\\\/boutique\\\/boutique\\\/\"},{\"@type\":\"ListItem\",\"position\":3,\"name\":\"Cuill\u00e8re en bois personnalis\u00e9es\"}]},{\"@type\":\"WebSite\",\"@id\":\"https:\\\/\\\/brikar.net\\\/boutique\\\/#website\",\"url\":\"https:\\\/\\\/brikar.net\\\/boutique\\\/\",\"name\":\"Brikar.net\",\"description\":\"\",\"publisher\":{\"@id\":\"https:\\\/\\\/brikar.net\\\/boutique\\\/#organization\"},\"potentialAction\":[{\"@type\":\"SearchAction\",\"target\":{\"@type\":\"EntryPoint\",\"urlTemplate\":\"https:\\\/\\\/brikar.net\\\/boutique\\\/?s={search_term_string}\"},\"query-input\":{\"@type\":\"PropertyValueSpecification\",\"valueRequired\":true,\"valueName\":\"search_term_string\"}}],\"inLanguage\":\"fr-FR\"},{\"@type\":\"Organization\",\"@id\":\"https:\\\/\\\/brikar.net\\\/boutique\\\/#organization\",\"name\":\"Brikar.net\",\"url\":\"https:\\\/\\\/brikar.net\\\/boutique\\\/\",\"logo\":{\"@type\":\"ImageObject\",\"inLanguage\":\"fr-FR\",\"@id\":\"https:\\\/\\\/brikar.net\\\/boutique\\\/#\\\/schema\\\/logo\\\/image\\\/\",\"url\":\"https:\\\/\\\/brikar.net\\\/boutique\\\/wp-content\\\/uploads\\\/2026\\\/04\\\/logo-brikar200.png\",\"contentUrl\":\"https:\\\/\\\/brikar.net\\\/boutique\\\/wp-content\\\/uploads\\\/2026\\\/04\\\/logo-brikar200.png\",\"width\":200,\"height\":168,\"caption\":\"Brikar.net\"},\"image\":{\"@id\":\"https:\\\/\\\/brikar.net\\\/boutique\\\/#\\\/schema\\\/logo\\\/image\\\/\"},\"sameAs\":[\"https:\\\/\\\/www.facebook.com\\\/BrikarArtisans\"]}]}<\/script>\n<!-- \/ Yoast SEO plugin. -->","yoast_head_json":{"title":"Cuill\u00e8re en bois personnalis\u00e9es - Brikar.net","robots":{"index":"index","follow":"follow","max-snippet":"max-snippet:-1","max-image-preview":"max-image-preview:large","max-video-preview":"max-video-preview:-1"},"canonical":"https:\/\/brikar.net\/boutique\/produit\/cuillere-en-bois-personnalisees\/","og_locale":"fr_FR","og_type":"article","og_title":"Cuill\u00e8re en bois personnalis\u00e9es - Brikar.net","og_description":"Ajoutez une touche unique \u00e0 votre cuisine avec nos cuill\u00e8res en bois personnalis\u00e9es ! Fabriqu\u00e9es en bois et grav\u00e9es selon vos envies, elles sont parfaites pour offrir ou sublimer vos moments culinaires. Un cadeau \u00e9cologique et chic qui fait toute la diff\u00e9rence.  Pour personnalis\u00e9\u00a0 ecrire \u00e0 commande@brikar.net  Livraison gratuite pour ce produit code promo: LG","og_url":"https:\/\/brikar.net\/boutique\/produit\/cuillere-en-bois-personnalisees\/","og_site_name":"Brikar.net","article_publisher":"https:\/\/www.facebook.com\/BrikarArtisans","article_modified_time":"2026-04-11T09:53:45+00:00","og_image":[{"width":800,"height":800,"url":"https:\/\/brikar.net\/boutique\/wp-content\/uploads\/2026\/04\/LAS25009-01.webp","type":"image\/webp"}],"twitter_card":"summary_large_image","twitter_misc":{"Dur\u00e9e de lecture estim\u00e9e":"1 minute"},"schema":{"@context":"https:\/\/schema.org","@graph":[{"@type":"WebPage","@id":"https:\/\/brikar.net\/boutique\/produit\/cuillere-en-bois-personnalisees\/","url":"https:\/\/brikar.net\/boutique\/produit\/cuillere-en-bois-personnalisees\/","name":"Cuill\u00e8re en bois personnalis\u00e9es - Brikar.net","isPartOf":{"@id":"https:\/\/brikar.net\/boutique\/#website"},"primaryImageOfPage":{"@id":"https:\/\/brikar.net\/boutique\/produit\/cuillere-en-bois-personnalisees\/#primaryimage"},"image":{"@id":"https:\/\/brikar.net\/boutique\/produit\/cuillere-en-bois-personnalisees\/#primaryimage"},"thumbnailUrl":"https:\/\/brikar.net\/boutique\/wp-content\/uploads\/2026\/04\/LAS25009-01.webp","datePublished":"2026-04-08T14:10:46+00:00","dateModified":"2026-04-11T09:53:45+00:00","breadcrumb":{"@id":"https:\/\/brikar.net\/boutique\/produit\/cuillere-en-bois-personnalisees\/#breadcrumb"},"inLanguage":"fr-FR","potentialAction":[{"@type":"ReadAction","target":["https:\/\/brikar.net\/boutique\/produit\/cuillere-en-bois-personnalisees\/"]}]},{"@type":"ImageObject","inLanguage":"fr-FR","@id":"https:\/\/brikar.net\/boutique\/produit\/cuillere-en-bois-personnalisees\/#primaryimage","url":"https:\/\/brikar.net\/boutique\/wp-content\/uploads\/2026\/04\/LAS25009-01.webp","contentUrl":"https:\/\/brikar.net\/boutique\/wp-content\/uploads\/2026\/04\/LAS25009-01.webp","width":800,"height":800},{"@type":"BreadcrumbList","@id":"https:\/\/brikar.net\/boutique\/produit\/cuillere-en-bois-personnalisees\/#breadcrumb","itemListElement":[{"@type":"ListItem","position":1,"name":"Accueil","item":"https:\/\/brikar.net\/boutique\/"},{"@type":"ListItem","position":2,"name":"Boutique","item":"https:\/\/brikar.net\/boutique\/boutique\/"},{"@type":"ListItem","position":3,"name":"Cuill\u00e8re en bois personnalis\u00e9es"}]},{"@type":"WebSite","@id":"https:\/\/brikar.net\/boutique\/#website","url":"https:\/\/brikar.net\/boutique\/","name":"Brikar.net","description":"","publisher":{"@id":"https:\/\/brikar.net\/boutique\/#organization"},"potentialAction":[{"@type":"SearchAction","target":{"@type":"EntryPoint","urlTemplate":"https:\/\/brikar.net\/boutique\/?s={search_term_string}"},"query-input":{"@type":"PropertyValueSpecification","valueRequired":true,"valueName":"search_term_string"}}],"inLanguage":"fr-FR"},{"@type":"Organization","@id":"https:\/\/brikar.net\/boutique\/#organization","name":"Brikar.net","url":"https:\/\/brikar.net\/boutique\/","logo":{"@type":"ImageObject","inLanguage":"fr-FR","@id":"https:\/\/brikar.net\/boutique\/#\/schema\/logo\/image\/","url":"https:\/\/brikar.net\/boutique\/wp-content\/uploads\/2026\/04\/logo-brikar200.png","contentUrl":"https:\/\/brikar.net\/boutique\/wp-content\/uploads\/2026\/04\/logo-brikar200.png","width":200,"height":168,"caption":"Brikar.net"},"image":{"@id":"https:\/\/brikar.net\/boutique\/#\/schema\/logo\/image\/"},"sameAs":["https:\/\/www.facebook.com\/BrikarArtisans"]}]}},"jetpack_sharing_enabled":true,"_links":{"self":[{"href":"https:\/\/brikar.net\/boutique\/wp-json\/wp\/v2\/product\/179","targetHints":{"allow":["GET"]}}],"collection":[{"href":"https:\/\/brikar.net\/boutique\/wp-json\/wp\/v2\/product"}],"about":[{"href":"https:\/\/brikar.net\/boutique\/wp-json\/wp\/v2\/types\/product"}],"replies":[{"embeddable":true,"href":"https:\/\/brikar.net\/boutique\/wp-json\/wp\/v2\/comments?post=179"}],"wp:featuredmedia":[{"embeddable":true,"href":"https:\/\/brikar.net\/boutique\/wp-json\/wp\/v2\/media\/230"}],"wp:attachment":[{"href":"https:\/\/brikar.net\/boutique\/wp-json\/wp\/v2\/media?parent=179"}],"wp:term":[{"taxonomy":"product_brand","embeddable":true,"href":"https:\/\/brikar.net\/boutique\/wp-json\/wp\/v2\/product_brand?post=179"},{"taxonomy":"product_cat","embeddable":true,"href":"https:\/\/brikar.net\/boutique\/wp-json\/wp\/v2\/product_cat?post=179"},{"taxonomy":"product_tag","embeddable":true,"href":"https:\/\/brikar.net\/boutique\/wp-json\/wp\/v2\/product_tag?post=179"}],"curies":[{"name":"wp","href":"https:\/\/api.w.org\/{rel}","templated":true}]}}