{"id":194,"date":"2026-04-08T14:11:12","date_gmt":"2026-04-08T14:11:12","guid":{"rendered":"https:\/\/brikar.net\/boutique\/?post_type=product&#038;p=194"},"modified":"2026-04-11T11:15:35","modified_gmt":"2026-04-11T11:15:35","slug":"presentoir-pour-8-stylos","status":"publish","type":"product","link":"https:\/\/brikar.net\/boutique\/produit\/presentoir-pour-8-stylos\/","title":{"rendered":"Pr\u00e9sentoir pour 8 stylos"},"content":{"rendered":"<p>CODE:LAS25024-00<\/p>\n<p><strong>Pr\u00e9sentoir \u00e0 8 Stylos Personnalis\u00e9 avec Gravure<\/strong><\/p>\n<p>Offrez \u00e0 vos stylos le pr\u00e9sentoir qu\u2019ils m\u00e9ritent. Ce pr\u00e9sentoir \u00e9l\u00e9gant, con\u00e7u pour accueillir jusqu\u2019\u00e0 <strong>8 stylos<\/strong>, allie <strong>design raffin\u00e9<\/strong> et <strong>personnalisation sur mesure<\/strong>. Que ce soit pour une vitrine de magasin.<\/p>\n<ul>\n<li><strong>Gravure personnalis\u00e9e<\/strong> : Ajoutez un nom, un logo ou un message pour un rendu unique.<\/li>\n<li><strong>Finition soign\u00e9e<\/strong> : Mat\u00e9riaux de qualit\u00e9 et lignes \u00e9pur\u00e9es pour une pr\u00e9sentation haut de gamme.<\/li>\n<li><strong>Id\u00e9al pour les professionnels<\/strong> : Parfait pour les salons, les expositions ou les cadeaux d\u2019affaires.<\/li>\n<li><strong>Fabrication artisanale<\/strong> : Chaque pi\u00e8ce est r\u00e9alis\u00e9e avec soin pour garantir durabilit\u00e9 et esth\u00e9tisme.<\/li>\n<\/ul>\n<p>Faites bonne impression d\u00e8s le premier regard. Ce pr\u00e9sentoir n\u2019est pas qu\u2019un accessoire \u2014 c\u2019est une d\u00e9claration.<\/p>\n<p>** Stylos non inclus<\/p>\n<div><\/div>\n","protected":false},"excerpt":{"rendered":"<p><strong>Pr\u00e9sentoir \u00e0 8 Stylos Personnalis\u00e9 avec Gravure<\/strong><\/p>\n<p>Offrez \u00e0 vos stylos le pr\u00e9sentoir qu\u2019ils m\u00e9ritent. Ce pr\u00e9sentoir \u00e9l\u00e9gant, con\u00e7u pour accueillir jusqu\u2019\u00e0 <strong>8 stylos<\/strong>, allie <strong>design raffin\u00e9<\/strong> et <strong>personnalisation sur mesure<\/strong>. Que ce soit pour une vitrine de magasin.<\/p>\n<ul>\n<li><strong>Gravure personnalis\u00e9e<\/strong> : Ajoutez un nom, un logo ou un message pour un rendu unique.<\/li>\n<li><strong>Finition soign\u00e9e<\/strong> : Mat\u00e9riaux de qualit\u00e9 et lignes \u00e9pur\u00e9es pour une pr\u00e9sentation haut de gamme.<\/li>\n<li><strong>Id\u00e9al pour les professionnels<\/strong> : Parfait pour les salons, les expositions ou les cadeaux d\u2019affaires.<\/li>\n<li><strong>Fabrication artisanale<\/strong> : Chaque pi\u00e8ce est r\u00e9alis\u00e9e avec soin pour garantir durabilit\u00e9 et esth\u00e9tisme.<\/li>\n<\/ul>\n<p>Faites bonne impression d\u00e8s le premier regard. Ce pr\u00e9sentoir n\u2019est pas qu\u2019un accessoire \u2014 c\u2019est une d\u00e9claration.<\/p>\n<p>** Stylos non inclus<\/p>\n<div>Dimensions approx: 19 x 6.5 x 8.5H (cm)<\/div>\n<div>celui modifi\u00e9 : 26 x 9 x 9,5H (cm)<\/div>\n","protected":false},"featured_media":249,"comment_status":"open","ping_status":"closed","template":"","meta":[],"product_brand":[],"product_cat":[45,46],"product_tag":[57],"class_list":{"0":"post-194","1":"product","2":"type-product","3":"status-publish","4":"has-post-thumbnail","6":"product_cat-bureau","7":"product_cat-new","8":"product_tag-presentoir-a-8-stylos","9":"product_shipping_class-colis","11":"first","12":"instock","13":"featured","14":"taxable","15":"shipping-taxable","16":"purchasable","17":"product-type-variable"},"yoast_head":"<!-- This site is optimized with the Yoast SEO plugin v27.4 - https:\/\/yoast.com\/product\/yoast-seo-wordpress\/ -->\n<title>Pr\u00e9sentoir pour 8 stylos - Brikar.net<\/title>\n<meta name=\"robots\" content=\"index, follow, max-snippet:-1, max-image-preview:large, max-video-preview:-1\" \/>\n<link rel=\"canonical\" href=\"https:\/\/brikar.net\/boutique\/produit\/presentoir-pour-8-stylos\/\" \/>\n<meta property=\"og:locale\" content=\"fr_FR\" \/>\n<meta property=\"og:type\" content=\"article\" \/>\n<meta property=\"og:title\" content=\"Pr\u00e9sentoir pour 8 stylos - Brikar.net\" \/>\n<meta property=\"og:description\" content=\"Pr\u00e9sentoir \u00e0 8 Stylos Personnalis\u00e9 avec Gravure  Offrez \u00e0 vos stylos le pr\u00e9sentoir qu\u2019ils m\u00e9ritent. Ce pr\u00e9sentoir \u00e9l\u00e9gant, con\u00e7u pour accueillir jusqu\u2019\u00e0 8 stylos, allie design raffin\u00e9 et personnalisation sur mesure. Que ce soit pour une vitrine de magasin.   Gravure personnalis\u00e9e : Ajoutez un nom, un logo ou un message pour un rendu unique.  Finition soign\u00e9e : Mat\u00e9riaux de qualit\u00e9 et lignes \u00e9pur\u00e9es pour une pr\u00e9sentation haut de gamme.  Id\u00e9al pour les professionnels : Parfait pour les salons, les expositions ou les cadeaux d\u2019affaires.  Fabrication artisanale : Chaque pi\u00e8ce est r\u00e9alis\u00e9e avec soin pour garantir durabilit\u00e9 et esth\u00e9tisme.  Faites bonne impression d\u00e8s le premier regard. Ce pr\u00e9sentoir n\u2019est pas qu\u2019un accessoire \u2014 c\u2019est une d\u00e9claration.  ** Stylos non inclus Dimensions approx: 19 x 6.5 x 8.5H (cm) celui modifi\u00e9 : 26 x 9 x 9,5H (cm)\" \/>\n<meta property=\"og:url\" content=\"https:\/\/brikar.net\/boutique\/produit\/presentoir-pour-8-stylos\/\" \/>\n<meta property=\"og:site_name\" content=\"Brikar.net\" \/>\n<meta property=\"article:publisher\" content=\"https:\/\/www.facebook.com\/BrikarArtisans\" \/>\n<meta property=\"article:modified_time\" content=\"2026-04-11T11:15:35+00:00\" \/>\n<meta property=\"og:image\" content=\"https:\/\/brikar.net\/boutique\/wp-content\/uploads\/2026\/04\/logo-brikar200.png\" \/>\n\t<meta property=\"og:image:width\" content=\"200\" \/>\n\t<meta property=\"og:image:height\" content=\"168\" \/>\n\t<meta property=\"og:image:type\" content=\"image\/png\" \/>\n<meta name=\"twitter:card\" content=\"summary_large_image\" \/>\n<meta name=\"twitter:label1\" content=\"Dur\u00e9e de lecture estim\u00e9e\" \/>\n\t<meta name=\"twitter:data1\" content=\"1 minute\" \/>\n<script type=\"application\/ld+json\" class=\"yoast-schema-graph\">{\"@context\":\"https:\\\/\\\/schema.org\",\"@graph\":[{\"@type\":\"WebPage\",\"@id\":\"https:\\\/\\\/brikar.net\\\/boutique\\\/produit\\\/presentoir-pour-8-stylos\\\/\",\"url\":\"https:\\\/\\\/brikar.net\\\/boutique\\\/produit\\\/presentoir-pour-8-stylos\\\/\",\"name\":\"Pr\u00e9sentoir pour 8 stylos - Brikar.net\",\"isPartOf\":{\"@id\":\"https:\\\/\\\/brikar.net\\\/boutique\\\/#website\"},\"primaryImageOfPage\":{\"@id\":\"https:\\\/\\\/brikar.net\\\/boutique\\\/produit\\\/presentoir-pour-8-stylos\\\/#primaryimage\"},\"image\":{\"@id\":\"https:\\\/\\\/brikar.net\\\/boutique\\\/produit\\\/presentoir-pour-8-stylos\\\/#primaryimage\"},\"thumbnailUrl\":\"https:\\\/\\\/brikar.net\\\/boutique\\\/wp-content\\\/uploads\\\/2026\\\/04\\\/LAS250240-stylo.png\",\"datePublished\":\"2026-04-08T14:11:12+00:00\",\"dateModified\":\"2026-04-11T11:15:35+00:00\",\"breadcrumb\":{\"@id\":\"https:\\\/\\\/brikar.net\\\/boutique\\\/produit\\\/presentoir-pour-8-stylos\\\/#breadcrumb\"},\"inLanguage\":\"fr-FR\",\"potentialAction\":[{\"@type\":\"ReadAction\",\"target\":[\"https:\\\/\\\/brikar.net\\\/boutique\\\/produit\\\/presentoir-pour-8-stylos\\\/\"]}]},{\"@type\":\"ImageObject\",\"inLanguage\":\"fr-FR\",\"@id\":\"https:\\\/\\\/brikar.net\\\/boutique\\\/produit\\\/presentoir-pour-8-stylos\\\/#primaryimage\",\"url\":\"https:\\\/\\\/brikar.net\\\/boutique\\\/wp-content\\\/uploads\\\/2026\\\/04\\\/LAS250240-stylo.png\",\"contentUrl\":\"https:\\\/\\\/brikar.net\\\/boutique\\\/wp-content\\\/uploads\\\/2026\\\/04\\\/LAS250240-stylo.png\",\"width\":800,\"height\":800},{\"@type\":\"BreadcrumbList\",\"@id\":\"https:\\\/\\\/brikar.net\\\/boutique\\\/produit\\\/presentoir-pour-8-stylos\\\/#breadcrumb\",\"itemListElement\":[{\"@type\":\"ListItem\",\"position\":1,\"name\":\"Accueil\",\"item\":\"https:\\\/\\\/brikar.net\\\/boutique\\\/\"},{\"@type\":\"ListItem\",\"position\":2,\"name\":\"Boutique\",\"item\":\"https:\\\/\\\/brikar.net\\\/boutique\\\/boutique\\\/\"},{\"@type\":\"ListItem\",\"position\":3,\"name\":\"Pr\u00e9sentoir pour 8 stylos\"}]},{\"@type\":\"WebSite\",\"@id\":\"https:\\\/\\\/brikar.net\\\/boutique\\\/#website\",\"url\":\"https:\\\/\\\/brikar.net\\\/boutique\\\/\",\"name\":\"Brikar.net\",\"description\":\"\",\"publisher\":{\"@id\":\"https:\\\/\\\/brikar.net\\\/boutique\\\/#organization\"},\"potentialAction\":[{\"@type\":\"SearchAction\",\"target\":{\"@type\":\"EntryPoint\",\"urlTemplate\":\"https:\\\/\\\/brikar.net\\\/boutique\\\/?s={search_term_string}\"},\"query-input\":{\"@type\":\"PropertyValueSpecification\",\"valueRequired\":true,\"valueName\":\"search_term_string\"}}],\"inLanguage\":\"fr-FR\"},{\"@type\":\"Organization\",\"@id\":\"https:\\\/\\\/brikar.net\\\/boutique\\\/#organization\",\"name\":\"Brikar.net\",\"url\":\"https:\\\/\\\/brikar.net\\\/boutique\\\/\",\"logo\":{\"@type\":\"ImageObject\",\"inLanguage\":\"fr-FR\",\"@id\":\"https:\\\/\\\/brikar.net\\\/boutique\\\/#\\\/schema\\\/logo\\\/image\\\/\",\"url\":\"https:\\\/\\\/brikar.net\\\/boutique\\\/wp-content\\\/uploads\\\/2026\\\/04\\\/logo-brikar200.png\",\"contentUrl\":\"https:\\\/\\\/brikar.net\\\/boutique\\\/wp-content\\\/uploads\\\/2026\\\/04\\\/logo-brikar200.png\",\"width\":200,\"height\":168,\"caption\":\"Brikar.net\"},\"image\":{\"@id\":\"https:\\\/\\\/brikar.net\\\/boutique\\\/#\\\/schema\\\/logo\\\/image\\\/\"},\"sameAs\":[\"https:\\\/\\\/www.facebook.com\\\/BrikarArtisans\"]}]}<\/script>\n<!-- \/ Yoast SEO plugin. -->","yoast_head_json":{"title":"Pr\u00e9sentoir pour 8 stylos - Brikar.net","robots":{"index":"index","follow":"follow","max-snippet":"max-snippet:-1","max-image-preview":"max-image-preview:large","max-video-preview":"max-video-preview:-1"},"canonical":"https:\/\/brikar.net\/boutique\/produit\/presentoir-pour-8-stylos\/","og_locale":"fr_FR","og_type":"article","og_title":"Pr\u00e9sentoir pour 8 stylos - Brikar.net","og_description":"Pr\u00e9sentoir \u00e0 8 Stylos Personnalis\u00e9 avec Gravure  Offrez \u00e0 vos stylos le pr\u00e9sentoir qu\u2019ils m\u00e9ritent. Ce pr\u00e9sentoir \u00e9l\u00e9gant, con\u00e7u pour accueillir jusqu\u2019\u00e0 8 stylos, allie design raffin\u00e9 et personnalisation sur mesure. Que ce soit pour une vitrine de magasin.   Gravure personnalis\u00e9e : Ajoutez un nom, un logo ou un message pour un rendu unique.  Finition soign\u00e9e : Mat\u00e9riaux de qualit\u00e9 et lignes \u00e9pur\u00e9es pour une pr\u00e9sentation haut de gamme.  Id\u00e9al pour les professionnels : Parfait pour les salons, les expositions ou les cadeaux d\u2019affaires.  Fabrication artisanale : Chaque pi\u00e8ce est r\u00e9alis\u00e9e avec soin pour garantir durabilit\u00e9 et esth\u00e9tisme.  Faites bonne impression d\u00e8s le premier regard. Ce pr\u00e9sentoir n\u2019est pas qu\u2019un accessoire \u2014 c\u2019est une d\u00e9claration.  ** Stylos non inclus Dimensions approx: 19 x 6.5 x 8.5H (cm) celui modifi\u00e9 : 26 x 9 x 9,5H (cm)","og_url":"https:\/\/brikar.net\/boutique\/produit\/presentoir-pour-8-stylos\/","og_site_name":"Brikar.net","article_publisher":"https:\/\/www.facebook.com\/BrikarArtisans","article_modified_time":"2026-04-11T11:15:35+00:00","og_image":[{"width":200,"height":168,"url":"https:\/\/brikar.net\/boutique\/wp-content\/uploads\/2026\/04\/logo-brikar200.png","type":"image\/png"}],"twitter_card":"summary_large_image","twitter_misc":{"Dur\u00e9e de lecture estim\u00e9e":"1 minute"},"schema":{"@context":"https:\/\/schema.org","@graph":[{"@type":"WebPage","@id":"https:\/\/brikar.net\/boutique\/produit\/presentoir-pour-8-stylos\/","url":"https:\/\/brikar.net\/boutique\/produit\/presentoir-pour-8-stylos\/","name":"Pr\u00e9sentoir pour 8 stylos - Brikar.net","isPartOf":{"@id":"https:\/\/brikar.net\/boutique\/#website"},"primaryImageOfPage":{"@id":"https:\/\/brikar.net\/boutique\/produit\/presentoir-pour-8-stylos\/#primaryimage"},"image":{"@id":"https:\/\/brikar.net\/boutique\/produit\/presentoir-pour-8-stylos\/#primaryimage"},"thumbnailUrl":"https:\/\/brikar.net\/boutique\/wp-content\/uploads\/2026\/04\/LAS250240-stylo.png","datePublished":"2026-04-08T14:11:12+00:00","dateModified":"2026-04-11T11:15:35+00:00","breadcrumb":{"@id":"https:\/\/brikar.net\/boutique\/produit\/presentoir-pour-8-stylos\/#breadcrumb"},"inLanguage":"fr-FR","potentialAction":[{"@type":"ReadAction","target":["https:\/\/brikar.net\/boutique\/produit\/presentoir-pour-8-stylos\/"]}]},{"@type":"ImageObject","inLanguage":"fr-FR","@id":"https:\/\/brikar.net\/boutique\/produit\/presentoir-pour-8-stylos\/#primaryimage","url":"https:\/\/brikar.net\/boutique\/wp-content\/uploads\/2026\/04\/LAS250240-stylo.png","contentUrl":"https:\/\/brikar.net\/boutique\/wp-content\/uploads\/2026\/04\/LAS250240-stylo.png","width":800,"height":800},{"@type":"BreadcrumbList","@id":"https:\/\/brikar.net\/boutique\/produit\/presentoir-pour-8-stylos\/#breadcrumb","itemListElement":[{"@type":"ListItem","position":1,"name":"Accueil","item":"https:\/\/brikar.net\/boutique\/"},{"@type":"ListItem","position":2,"name":"Boutique","item":"https:\/\/brikar.net\/boutique\/boutique\/"},{"@type":"ListItem","position":3,"name":"Pr\u00e9sentoir pour 8 stylos"}]},{"@type":"WebSite","@id":"https:\/\/brikar.net\/boutique\/#website","url":"https:\/\/brikar.net\/boutique\/","name":"Brikar.net","description":"","publisher":{"@id":"https:\/\/brikar.net\/boutique\/#organization"},"potentialAction":[{"@type":"SearchAction","target":{"@type":"EntryPoint","urlTemplate":"https:\/\/brikar.net\/boutique\/?s={search_term_string}"},"query-input":{"@type":"PropertyValueSpecification","valueRequired":true,"valueName":"search_term_string"}}],"inLanguage":"fr-FR"},{"@type":"Organization","@id":"https:\/\/brikar.net\/boutique\/#organization","name":"Brikar.net","url":"https:\/\/brikar.net\/boutique\/","logo":{"@type":"ImageObject","inLanguage":"fr-FR","@id":"https:\/\/brikar.net\/boutique\/#\/schema\/logo\/image\/","url":"https:\/\/brikar.net\/boutique\/wp-content\/uploads\/2026\/04\/logo-brikar200.png","contentUrl":"https:\/\/brikar.net\/boutique\/wp-content\/uploads\/2026\/04\/logo-brikar200.png","width":200,"height":168,"caption":"Brikar.net"},"image":{"@id":"https:\/\/brikar.net\/boutique\/#\/schema\/logo\/image\/"},"sameAs":["https:\/\/www.facebook.com\/BrikarArtisans"]}]}},"jetpack_sharing_enabled":true,"_links":{"self":[{"href":"https:\/\/brikar.net\/boutique\/wp-json\/wp\/v2\/product\/194","targetHints":{"allow":["GET"]}}],"collection":[{"href":"https:\/\/brikar.net\/boutique\/wp-json\/wp\/v2\/product"}],"about":[{"href":"https:\/\/brikar.net\/boutique\/wp-json\/wp\/v2\/types\/product"}],"replies":[{"embeddable":true,"href":"https:\/\/brikar.net\/boutique\/wp-json\/wp\/v2\/comments?post=194"}],"wp:featuredmedia":[{"embeddable":true,"href":"https:\/\/brikar.net\/boutique\/wp-json\/wp\/v2\/media\/249"}],"wp:attachment":[{"href":"https:\/\/brikar.net\/boutique\/wp-json\/wp\/v2\/media?parent=194"}],"wp:term":[{"taxonomy":"product_brand","embeddable":true,"href":"https:\/\/brikar.net\/boutique\/wp-json\/wp\/v2\/product_brand?post=194"},{"taxonomy":"product_cat","embeddable":true,"href":"https:\/\/brikar.net\/boutique\/wp-json\/wp\/v2\/product_cat?post=194"},{"taxonomy":"product_tag","embeddable":true,"href":"https:\/\/brikar.net\/boutique\/wp-json\/wp\/v2\/product_tag?post=194"}],"curies":[{"name":"wp","href":"https:\/\/api.w.org\/{rel}","templated":true}]}}