{"id":202,"date":"2026-04-08T14:11:42","date_gmt":"2026-04-08T14:11:42","guid":{"rendered":"https:\/\/brikar.net\/boutique\/?post_type=product&#038;p=202"},"modified":"2026-04-11T23:34:22","modified_gmt":"2026-04-11T23:34:22","slug":"decapsuleur-magnetique-rond","status":"publish","type":"product","link":"https:\/\/brikar.net\/boutique\/produit\/decapsuleur-magnetique-rond\/","title":{"rendered":"D\u00e9capsuleur magn\u00e9tique rond"},"content":{"rendered":"<p>CODE: LAS25023-<\/p>\n<p>D\u00e9capsuleur magn\u00e9tique en bambou\u00a0 peut \u00eatre personnalis\u00e9<\/p>\n<p>Dimensions approx:\u00a0 6.cm ( 2.5 po) de diam\u00e8tre<\/p>\n<p><strong>LIVRAISON GRATUITE POUR CE PRODUIT UTILISER CODE PROMO LG<\/strong><\/p>\n","protected":false},"excerpt":{"rendered":"<p>CODE: LAS25023-<\/p>\n<p>D\u00e9capsuleur magn\u00e9tique en bambou\u00a0 peut \u00eatre personnalis\u00e9<\/p>\n<p>Dimensions approx:\u00a0 6.cm ( 2.5 po) de diam\u00e8tre<\/p>\n","protected":false},"featured_media":256,"comment_status":"open","ping_status":"closed","template":"","meta":[],"product_brand":[],"product_cat":[37],"product_tag":[58,59],"class_list":{"0":"post-202","1":"product","2":"type-product","3":"status-publish","4":"has-post-thumbnail","6":"product_cat-divers","7":"product_tag-decapsuleur-magnetique","8":"product_tag-las25023","9":"product_shipping_class-livraison-gratuite","11":"first","12":"instock","13":"featured","14":"taxable","15":"shipping-taxable","16":"purchasable","17":"product-type-variable","18":"has-default-attributes"},"yoast_head":"<!-- This site is optimized with the Yoast SEO plugin v27.4 - https:\/\/yoast.com\/product\/yoast-seo-wordpress\/ -->\n<title>D\u00e9capsuleur magn\u00e9tique rond - Brikar.net<\/title>\n<meta name=\"robots\" content=\"index, follow, max-snippet:-1, max-image-preview:large, max-video-preview:-1\" \/>\n<link rel=\"canonical\" href=\"https:\/\/brikar.net\/boutique\/produit\/decapsuleur-magnetique-rond\/\" \/>\n<meta property=\"og:locale\" content=\"fr_FR\" \/>\n<meta property=\"og:type\" content=\"article\" \/>\n<meta property=\"og:title\" content=\"D\u00e9capsuleur magn\u00e9tique rond - Brikar.net\" \/>\n<meta property=\"og:description\" content=\"CODE: LAS25023-  D\u00e9capsuleur magn\u00e9tique en bambou\u00a0 peut \u00eatre personnalis\u00e9  Dimensions approx:\u00a0 6.cm ( 2.5 po) de diam\u00e8tre\" \/>\n<meta property=\"og:url\" content=\"https:\/\/brikar.net\/boutique\/produit\/decapsuleur-magnetique-rond\/\" \/>\n<meta property=\"og:site_name\" content=\"Brikar.net\" \/>\n<meta property=\"article:publisher\" content=\"https:\/\/www.facebook.com\/BrikarArtisans\" \/>\n<meta property=\"article:modified_time\" content=\"2026-04-11T23:34:22+00:00\" \/>\n<meta property=\"og:image\" content=\"https:\/\/brikar.net\/boutique\/wp-content\/uploads\/2026\/04\/LAS25023-14.png\" \/>\n\t<meta property=\"og:image:width\" content=\"800\" \/>\n\t<meta property=\"og:image:height\" content=\"800\" \/>\n\t<meta property=\"og:image:type\" content=\"image\/png\" \/>\n<meta name=\"twitter:card\" content=\"summary_large_image\" \/>\n<script type=\"application\/ld+json\" class=\"yoast-schema-graph\">{\"@context\":\"https:\\\/\\\/schema.org\",\"@graph\":[{\"@type\":\"WebPage\",\"@id\":\"https:\\\/\\\/brikar.net\\\/boutique\\\/produit\\\/decapsuleur-magnetique-rond\\\/\",\"url\":\"https:\\\/\\\/brikar.net\\\/boutique\\\/produit\\\/decapsuleur-magnetique-rond\\\/\",\"name\":\"D\u00e9capsuleur magn\u00e9tique rond - Brikar.net\",\"isPartOf\":{\"@id\":\"https:\\\/\\\/brikar.net\\\/boutique\\\/#website\"},\"primaryImageOfPage\":{\"@id\":\"https:\\\/\\\/brikar.net\\\/boutique\\\/produit\\\/decapsuleur-magnetique-rond\\\/#primaryimage\"},\"image\":{\"@id\":\"https:\\\/\\\/brikar.net\\\/boutique\\\/produit\\\/decapsuleur-magnetique-rond\\\/#primaryimage\"},\"thumbnailUrl\":\"https:\\\/\\\/brikar.net\\\/boutique\\\/wp-content\\\/uploads\\\/2026\\\/04\\\/LAS25023-14.png\",\"datePublished\":\"2026-04-08T14:11:42+00:00\",\"dateModified\":\"2026-04-11T23:34:22+00:00\",\"breadcrumb\":{\"@id\":\"https:\\\/\\\/brikar.net\\\/boutique\\\/produit\\\/decapsuleur-magnetique-rond\\\/#breadcrumb\"},\"inLanguage\":\"fr-FR\",\"potentialAction\":[{\"@type\":\"ReadAction\",\"target\":[\"https:\\\/\\\/brikar.net\\\/boutique\\\/produit\\\/decapsuleur-magnetique-rond\\\/\"]}]},{\"@type\":\"ImageObject\",\"inLanguage\":\"fr-FR\",\"@id\":\"https:\\\/\\\/brikar.net\\\/boutique\\\/produit\\\/decapsuleur-magnetique-rond\\\/#primaryimage\",\"url\":\"https:\\\/\\\/brikar.net\\\/boutique\\\/wp-content\\\/uploads\\\/2026\\\/04\\\/LAS25023-14.png\",\"contentUrl\":\"https:\\\/\\\/brikar.net\\\/boutique\\\/wp-content\\\/uploads\\\/2026\\\/04\\\/LAS25023-14.png\",\"width\":800,\"height\":800},{\"@type\":\"BreadcrumbList\",\"@id\":\"https:\\\/\\\/brikar.net\\\/boutique\\\/produit\\\/decapsuleur-magnetique-rond\\\/#breadcrumb\",\"itemListElement\":[{\"@type\":\"ListItem\",\"position\":1,\"name\":\"Accueil\",\"item\":\"https:\\\/\\\/brikar.net\\\/boutique\\\/\"},{\"@type\":\"ListItem\",\"position\":2,\"name\":\"Boutique\",\"item\":\"https:\\\/\\\/brikar.net\\\/boutique\\\/boutique\\\/\"},{\"@type\":\"ListItem\",\"position\":3,\"name\":\"D\u00e9capsuleur magn\u00e9tique rond\"}]},{\"@type\":\"WebSite\",\"@id\":\"https:\\\/\\\/brikar.net\\\/boutique\\\/#website\",\"url\":\"https:\\\/\\\/brikar.net\\\/boutique\\\/\",\"name\":\"Brikar.net\",\"description\":\"\",\"publisher\":{\"@id\":\"https:\\\/\\\/brikar.net\\\/boutique\\\/#organization\"},\"potentialAction\":[{\"@type\":\"SearchAction\",\"target\":{\"@type\":\"EntryPoint\",\"urlTemplate\":\"https:\\\/\\\/brikar.net\\\/boutique\\\/?s={search_term_string}\"},\"query-input\":{\"@type\":\"PropertyValueSpecification\",\"valueRequired\":true,\"valueName\":\"search_term_string\"}}],\"inLanguage\":\"fr-FR\"},{\"@type\":\"Organization\",\"@id\":\"https:\\\/\\\/brikar.net\\\/boutique\\\/#organization\",\"name\":\"Brikar.net\",\"url\":\"https:\\\/\\\/brikar.net\\\/boutique\\\/\",\"logo\":{\"@type\":\"ImageObject\",\"inLanguage\":\"fr-FR\",\"@id\":\"https:\\\/\\\/brikar.net\\\/boutique\\\/#\\\/schema\\\/logo\\\/image\\\/\",\"url\":\"https:\\\/\\\/brikar.net\\\/boutique\\\/wp-content\\\/uploads\\\/2026\\\/04\\\/logo-brikar200.png\",\"contentUrl\":\"https:\\\/\\\/brikar.net\\\/boutique\\\/wp-content\\\/uploads\\\/2026\\\/04\\\/logo-brikar200.png\",\"width\":200,\"height\":168,\"caption\":\"Brikar.net\"},\"image\":{\"@id\":\"https:\\\/\\\/brikar.net\\\/boutique\\\/#\\\/schema\\\/logo\\\/image\\\/\"},\"sameAs\":[\"https:\\\/\\\/www.facebook.com\\\/BrikarArtisans\"]}]}<\/script>\n<!-- \/ Yoast SEO plugin. -->","yoast_head_json":{"title":"D\u00e9capsuleur magn\u00e9tique rond - Brikar.net","robots":{"index":"index","follow":"follow","max-snippet":"max-snippet:-1","max-image-preview":"max-image-preview:large","max-video-preview":"max-video-preview:-1"},"canonical":"https:\/\/brikar.net\/boutique\/produit\/decapsuleur-magnetique-rond\/","og_locale":"fr_FR","og_type":"article","og_title":"D\u00e9capsuleur magn\u00e9tique rond - Brikar.net","og_description":"CODE: LAS25023-  D\u00e9capsuleur magn\u00e9tique en bambou\u00a0 peut \u00eatre personnalis\u00e9  Dimensions approx:\u00a0 6.cm ( 2.5 po) de diam\u00e8tre","og_url":"https:\/\/brikar.net\/boutique\/produit\/decapsuleur-magnetique-rond\/","og_site_name":"Brikar.net","article_publisher":"https:\/\/www.facebook.com\/BrikarArtisans","article_modified_time":"2026-04-11T23:34:22+00:00","og_image":[{"width":800,"height":800,"url":"https:\/\/brikar.net\/boutique\/wp-content\/uploads\/2026\/04\/LAS25023-14.png","type":"image\/png"}],"twitter_card":"summary_large_image","schema":{"@context":"https:\/\/schema.org","@graph":[{"@type":"WebPage","@id":"https:\/\/brikar.net\/boutique\/produit\/decapsuleur-magnetique-rond\/","url":"https:\/\/brikar.net\/boutique\/produit\/decapsuleur-magnetique-rond\/","name":"D\u00e9capsuleur magn\u00e9tique rond - Brikar.net","isPartOf":{"@id":"https:\/\/brikar.net\/boutique\/#website"},"primaryImageOfPage":{"@id":"https:\/\/brikar.net\/boutique\/produit\/decapsuleur-magnetique-rond\/#primaryimage"},"image":{"@id":"https:\/\/brikar.net\/boutique\/produit\/decapsuleur-magnetique-rond\/#primaryimage"},"thumbnailUrl":"https:\/\/brikar.net\/boutique\/wp-content\/uploads\/2026\/04\/LAS25023-14.png","datePublished":"2026-04-08T14:11:42+00:00","dateModified":"2026-04-11T23:34:22+00:00","breadcrumb":{"@id":"https:\/\/brikar.net\/boutique\/produit\/decapsuleur-magnetique-rond\/#breadcrumb"},"inLanguage":"fr-FR","potentialAction":[{"@type":"ReadAction","target":["https:\/\/brikar.net\/boutique\/produit\/decapsuleur-magnetique-rond\/"]}]},{"@type":"ImageObject","inLanguage":"fr-FR","@id":"https:\/\/brikar.net\/boutique\/produit\/decapsuleur-magnetique-rond\/#primaryimage","url":"https:\/\/brikar.net\/boutique\/wp-content\/uploads\/2026\/04\/LAS25023-14.png","contentUrl":"https:\/\/brikar.net\/boutique\/wp-content\/uploads\/2026\/04\/LAS25023-14.png","width":800,"height":800},{"@type":"BreadcrumbList","@id":"https:\/\/brikar.net\/boutique\/produit\/decapsuleur-magnetique-rond\/#breadcrumb","itemListElement":[{"@type":"ListItem","position":1,"name":"Accueil","item":"https:\/\/brikar.net\/boutique\/"},{"@type":"ListItem","position":2,"name":"Boutique","item":"https:\/\/brikar.net\/boutique\/boutique\/"},{"@type":"ListItem","position":3,"name":"D\u00e9capsuleur magn\u00e9tique rond"}]},{"@type":"WebSite","@id":"https:\/\/brikar.net\/boutique\/#website","url":"https:\/\/brikar.net\/boutique\/","name":"Brikar.net","description":"","publisher":{"@id":"https:\/\/brikar.net\/boutique\/#organization"},"potentialAction":[{"@type":"SearchAction","target":{"@type":"EntryPoint","urlTemplate":"https:\/\/brikar.net\/boutique\/?s={search_term_string}"},"query-input":{"@type":"PropertyValueSpecification","valueRequired":true,"valueName":"search_term_string"}}],"inLanguage":"fr-FR"},{"@type":"Organization","@id":"https:\/\/brikar.net\/boutique\/#organization","name":"Brikar.net","url":"https:\/\/brikar.net\/boutique\/","logo":{"@type":"ImageObject","inLanguage":"fr-FR","@id":"https:\/\/brikar.net\/boutique\/#\/schema\/logo\/image\/","url":"https:\/\/brikar.net\/boutique\/wp-content\/uploads\/2026\/04\/logo-brikar200.png","contentUrl":"https:\/\/brikar.net\/boutique\/wp-content\/uploads\/2026\/04\/logo-brikar200.png","width":200,"height":168,"caption":"Brikar.net"},"image":{"@id":"https:\/\/brikar.net\/boutique\/#\/schema\/logo\/image\/"},"sameAs":["https:\/\/www.facebook.com\/BrikarArtisans"]}]}},"jetpack_sharing_enabled":true,"_links":{"self":[{"href":"https:\/\/brikar.net\/boutique\/wp-json\/wp\/v2\/product\/202","targetHints":{"allow":["GET"]}}],"collection":[{"href":"https:\/\/brikar.net\/boutique\/wp-json\/wp\/v2\/product"}],"about":[{"href":"https:\/\/brikar.net\/boutique\/wp-json\/wp\/v2\/types\/product"}],"replies":[{"embeddable":true,"href":"https:\/\/brikar.net\/boutique\/wp-json\/wp\/v2\/comments?post=202"}],"wp:featuredmedia":[{"embeddable":true,"href":"https:\/\/brikar.net\/boutique\/wp-json\/wp\/v2\/media\/256"}],"wp:attachment":[{"href":"https:\/\/brikar.net\/boutique\/wp-json\/wp\/v2\/media?parent=202"}],"wp:term":[{"taxonomy":"product_brand","embeddable":true,"href":"https:\/\/brikar.net\/boutique\/wp-json\/wp\/v2\/product_brand?post=202"},{"taxonomy":"product_cat","embeddable":true,"href":"https:\/\/brikar.net\/boutique\/wp-json\/wp\/v2\/product_cat?post=202"},{"taxonomy":"product_tag","embeddable":true,"href":"https:\/\/brikar.net\/boutique\/wp-json\/wp\/v2\/product_tag?post=202"}],"curies":[{"name":"wp","href":"https:\/\/api.w.org\/{rel}","templated":true}]}}